{"id":27359,"date":"2023-02-15T12:09:50","date_gmt":"2023-02-15T11:09:50","guid":{"rendered":"https:\/\/puls.nu\/other-sweden\/"},"modified":"2025-08-27T21:12:24","modified_gmt":"2025-08-27T19:12:24","slug":"other-sweden","status":"publish","type":"page","link":"https:\/\/puls.nu\/en\/other-sweden\/","title":{"rendered":"Other Sweden"},"content":{"rendered":"","protected":false},"excerpt":{"rendered":"","protected":false},"author":1,"featured_media":26506,"parent":0,"menu_order":0,"comment_status":"closed","ping_status":"closed","template":"custom-templates\/ovriga-sverige-aktiviteter.php","meta":{"_acf_changed":false,"_et_pb_use_builder":"","_et_pb_old_content":"","_et_gb_content_width":"","footnotes":""},"class_list":["post-27359","page","type-page","status-publish","has-post-thumbnail","hentry"],"acf":[],"yoast_head":"<!-- This site is optimized with the Yoast SEO plugin v27.5 - https:\/\/yoast.com\/product\/yoast-seo-wordpress\/ -->\n<title>Other Sweden - Puls<\/title>\n<meta name=\"robots\" content=\"index, follow, max-snippet:-1, max-image-preview:large, max-video-preview:-1\" \/>\n<link rel=\"canonical\" href=\"https:\/\/puls.nu\/en\/other-sweden\/\" \/>\n<meta property=\"og:locale\" content=\"en_US\" \/>\n<meta property=\"og:type\" content=\"article\" \/>\n<meta property=\"og:title\" content=\"Other Sweden - Puls\" \/>\n<meta property=\"og:url\" content=\"https:\/\/puls.nu\/en\/other-sweden\/\" \/>\n<meta property=\"og:site_name\" content=\"Puls\" \/>\n<meta property=\"article:publisher\" content=\"https:\/\/www.facebook.com\/puls.nu\/\" \/>\n<meta property=\"article:modified_time\" content=\"2025-08-27T19:12:24+00:00\" \/>\n<meta property=\"og:image\" content=\"https:\/\/puls.nu\/wp-content\/uploads\/2022\/05\/subheader-swe.jpg\" \/>\n\t<meta property=\"og:image:width\" content=\"1920\" \/>\n\t<meta property=\"og:image:height\" content=\"1080\" \/>\n\t<meta property=\"og:image:type\" content=\"image\/jpeg\" \/>\n<meta name=\"twitter:card\" content=\"summary_large_image\" \/>\n<script type=\"application\/ld+json\" class=\"yoast-schema-graph\">{\"@context\":\"https:\\\/\\\/schema.org\",\"@graph\":[{\"@type\":\"WebPage\",\"@id\":\"https:\\\/\\\/puls.nu\\\/en\\\/other-sweden\\\/\",\"url\":\"https:\\\/\\\/puls.nu\\\/en\\\/other-sweden\\\/\",\"name\":\"Other Sweden - Puls\",\"isPartOf\":{\"@id\":\"https:\\\/\\\/puls.nu\\\/en\\\/#website\"},\"primaryImageOfPage\":{\"@id\":\"https:\\\/\\\/puls.nu\\\/en\\\/other-sweden\\\/#primaryimage\"},\"image\":{\"@id\":\"https:\\\/\\\/puls.nu\\\/en\\\/other-sweden\\\/#primaryimage\"},\"thumbnailUrl\":\"https:\\\/\\\/puls.nu\\\/wp-content\\\/uploads\\\/2022\\\/05\\\/subheader-swe.jpg\",\"datePublished\":\"2023-02-15T11:09:50+00:00\",\"dateModified\":\"2025-08-27T19:12:24+00:00\",\"breadcrumb\":{\"@id\":\"https:\\\/\\\/puls.nu\\\/en\\\/other-sweden\\\/#breadcrumb\"},\"inLanguage\":\"en-US\",\"potentialAction\":[{\"@type\":\"ReadAction\",\"target\":[\"https:\\\/\\\/puls.nu\\\/en\\\/other-sweden\\\/\"]}]},{\"@type\":\"ImageObject\",\"inLanguage\":\"en-US\",\"@id\":\"https:\\\/\\\/puls.nu\\\/en\\\/other-sweden\\\/#primaryimage\",\"url\":\"https:\\\/\\\/puls.nu\\\/wp-content\\\/uploads\\\/2022\\\/05\\\/subheader-swe.jpg\",\"contentUrl\":\"https:\\\/\\\/puls.nu\\\/wp-content\\\/uploads\\\/2022\\\/05\\\/subheader-swe.jpg\",\"width\":1920,\"height\":1080},{\"@type\":\"BreadcrumbList\",\"@id\":\"https:\\\/\\\/puls.nu\\\/en\\\/other-sweden\\\/#breadcrumb\",\"itemListElement\":[{\"@type\":\"ListItem\",\"position\":1,\"name\":\"Hem\",\"item\":\"https:\\\/\\\/puls.nu\\\/en\\\/hem\\\/\"},{\"@type\":\"ListItem\",\"position\":2,\"name\":\"Other Sweden\"}]},{\"@type\":\"WebSite\",\"@id\":\"https:\\\/\\\/puls.nu\\\/en\\\/#website\",\"url\":\"https:\\\/\\\/puls.nu\\\/en\\\/\",\"name\":\"Puls\",\"description\":\"Teambuilding och f\u00f6retagsevent med aktiviteter f\u00f6r f\u00f6retag\",\"publisher\":{\"@id\":\"https:\\\/\\\/puls.nu\\\/en\\\/#organization\"},\"potentialAction\":[{\"@type\":\"SearchAction\",\"target\":{\"@type\":\"EntryPoint\",\"urlTemplate\":\"https:\\\/\\\/puls.nu\\\/en\\\/?s={search_term_string}\"},\"query-input\":{\"@type\":\"PropertyValueSpecification\",\"valueRequired\":true,\"valueName\":\"search_term_string\"}}],\"inLanguage\":\"en-US\"},{\"@type\":\"Organization\",\"@id\":\"https:\\\/\\\/puls.nu\\\/en\\\/#organization\",\"name\":\"Puls\",\"url\":\"https:\\\/\\\/puls.nu\\\/en\\\/\",\"logo\":{\"@type\":\"ImageObject\",\"inLanguage\":\"en-US\",\"@id\":\"https:\\\/\\\/puls.nu\\\/en\\\/#\\\/schema\\\/logo\\\/image\\\/\",\"url\":\"https:\\\/\\\/puls.nu\\\/wp-content\\\/uploads\\\/2023\\\/11\\\/B659DAAD-8C47-46FA-BF79-DA9886ADC35F-2.png\",\"contentUrl\":\"https:\\\/\\\/puls.nu\\\/wp-content\\\/uploads\\\/2023\\\/11\\\/B659DAAD-8C47-46FA-BF79-DA9886ADC35F-2.png\",\"width\":500,\"height\":500,\"caption\":\"Puls\"},\"image\":{\"@id\":\"https:\\\/\\\/puls.nu\\\/en\\\/#\\\/schema\\\/logo\\\/image\\\/\"},\"sameAs\":[\"https:\\\/\\\/www.facebook.com\\\/puls.nu\\\/\"]}]}<\/script>\n<!-- \/ Yoast SEO plugin. -->","yoast_head_json":{"title":"Other Sweden - Puls","robots":{"index":"index","follow":"follow","max-snippet":"max-snippet:-1","max-image-preview":"max-image-preview:large","max-video-preview":"max-video-preview:-1"},"canonical":"https:\/\/puls.nu\/en\/other-sweden\/","og_locale":"en_US","og_type":"article","og_title":"Other Sweden - Puls","og_url":"https:\/\/puls.nu\/en\/other-sweden\/","og_site_name":"Puls","article_publisher":"https:\/\/www.facebook.com\/puls.nu\/","article_modified_time":"2025-08-27T19:12:24+00:00","og_image":[{"width":1920,"height":1080,"url":"https:\/\/puls.nu\/wp-content\/uploads\/2022\/05\/subheader-swe.jpg","type":"image\/jpeg"}],"twitter_card":"summary_large_image","schema":{"@context":"https:\/\/schema.org","@graph":[{"@type":"WebPage","@id":"https:\/\/puls.nu\/en\/other-sweden\/","url":"https:\/\/puls.nu\/en\/other-sweden\/","name":"Other Sweden - Puls","isPartOf":{"@id":"https:\/\/puls.nu\/en\/#website"},"primaryImageOfPage":{"@id":"https:\/\/puls.nu\/en\/other-sweden\/#primaryimage"},"image":{"@id":"https:\/\/puls.nu\/en\/other-sweden\/#primaryimage"},"thumbnailUrl":"https:\/\/puls.nu\/wp-content\/uploads\/2022\/05\/subheader-swe.jpg","datePublished":"2023-02-15T11:09:50+00:00","dateModified":"2025-08-27T19:12:24+00:00","breadcrumb":{"@id":"https:\/\/puls.nu\/en\/other-sweden\/#breadcrumb"},"inLanguage":"en-US","potentialAction":[{"@type":"ReadAction","target":["https:\/\/puls.nu\/en\/other-sweden\/"]}]},{"@type":"ImageObject","inLanguage":"en-US","@id":"https:\/\/puls.nu\/en\/other-sweden\/#primaryimage","url":"https:\/\/puls.nu\/wp-content\/uploads\/2022\/05\/subheader-swe.jpg","contentUrl":"https:\/\/puls.nu\/wp-content\/uploads\/2022\/05\/subheader-swe.jpg","width":1920,"height":1080},{"@type":"BreadcrumbList","@id":"https:\/\/puls.nu\/en\/other-sweden\/#breadcrumb","itemListElement":[{"@type":"ListItem","position":1,"name":"Hem","item":"https:\/\/puls.nu\/en\/hem\/"},{"@type":"ListItem","position":2,"name":"Other Sweden"}]},{"@type":"WebSite","@id":"https:\/\/puls.nu\/en\/#website","url":"https:\/\/puls.nu\/en\/","name":"Puls","description":"Teambuilding och f\u00f6retagsevent med aktiviteter f\u00f6r f\u00f6retag","publisher":{"@id":"https:\/\/puls.nu\/en\/#organization"},"potentialAction":[{"@type":"SearchAction","target":{"@type":"EntryPoint","urlTemplate":"https:\/\/puls.nu\/en\/?s={search_term_string}"},"query-input":{"@type":"PropertyValueSpecification","valueRequired":true,"valueName":"search_term_string"}}],"inLanguage":"en-US"},{"@type":"Organization","@id":"https:\/\/puls.nu\/en\/#organization","name":"Puls","url":"https:\/\/puls.nu\/en\/","logo":{"@type":"ImageObject","inLanguage":"en-US","@id":"https:\/\/puls.nu\/en\/#\/schema\/logo\/image\/","url":"https:\/\/puls.nu\/wp-content\/uploads\/2023\/11\/B659DAAD-8C47-46FA-BF79-DA9886ADC35F-2.png","contentUrl":"https:\/\/puls.nu\/wp-content\/uploads\/2023\/11\/B659DAAD-8C47-46FA-BF79-DA9886ADC35F-2.png","width":500,"height":500,"caption":"Puls"},"image":{"@id":"https:\/\/puls.nu\/en\/#\/schema\/logo\/image\/"},"sameAs":["https:\/\/www.facebook.com\/puls.nu\/"]}]}},"_links":{"self":[{"href":"https:\/\/puls.nu\/en\/wp-json\/wp\/v2\/pages\/27359","targetHints":{"allow":["GET"]}}],"collection":[{"href":"https:\/\/puls.nu\/en\/wp-json\/wp\/v2\/pages"}],"about":[{"href":"https:\/\/puls.nu\/en\/wp-json\/wp\/v2\/types\/page"}],"author":[{"embeddable":true,"href":"https:\/\/puls.nu\/en\/wp-json\/wp\/v2\/users\/1"}],"replies":[{"embeddable":true,"href":"https:\/\/puls.nu\/en\/wp-json\/wp\/v2\/comments?post=27359"}],"version-history":[{"count":1,"href":"https:\/\/puls.nu\/en\/wp-json\/wp\/v2\/pages\/27359\/revisions"}],"predecessor-version":[{"id":29410,"href":"https:\/\/puls.nu\/en\/wp-json\/wp\/v2\/pages\/27359\/revisions\/29410"}],"wp:featuredmedia":[{"embeddable":true,"href":"https:\/\/puls.nu\/en\/wp-json\/wp\/v2\/media\/26506"}],"wp:attachment":[{"href":"https:\/\/puls.nu\/en\/wp-json\/wp\/v2\/media?parent=27359"}],"curies":[{"name":"wp","href":"https:\/\/api.w.org\/{rel}","templated":true}]}}