{"id":27382,"date":"2023-02-15T12:10:08","date_gmt":"2023-02-15T11:10:08","guid":{"rendered":"https:\/\/puls.nu\/other\/"},"modified":"2025-09-01T15:02:34","modified_gmt":"2025-09-01T13:02:34","slug":"other","status":"publish","type":"page","link":"https:\/\/puls.nu\/en\/other\/","title":{"rendered":"Other"},"content":{"rendered":"<p>[et_pb_section fb_built=&#8221;1&#8243; admin_label=&#8221;Header&#8221; _builder_version=&#8221;4.23.1&#8243; background_image=&#8221;https:\/\/puls.nu\/wp-content\/uploads\/2023\/12\/Foto-2018-01-21-14-06-24-scaled-e1706267279594.jpg&#8221; locked=&#8221;off&#8221; global_colors_info=&#8221;{}&#8221;][et_pb_row _builder_version=&#8221;4.16&#8243; max_width=&#8221;1420px&#8221; global_colors_info=&#8221;{}&#8221;][et_pb_column type=&#8221;4_4&#8243; _builder_version=&#8221;4.16&#8243; global_colors_info=&#8221;{}&#8221;][et_pb_text _builder_version=&#8221;4.18.0&#8243; text_text_color=&#8221;rgba(255,255,255,0.5)&#8221; text_font_size=&#8221;16px&#8221; text_line_height=&#8221;1.8em&#8221; header_font=&#8221;Montserrat|300||on|||||&#8221; header_font_size=&#8221;6vw&#8221; header_line_height=&#8221;1.2em&#8221; header_3_font=&#8221;Montserrat|700||on|||||&#8221; header_3_text_color=&#8221;#990c2d&#8221; header_3_font_size=&#8221;16px&#8221; header_3_letter_spacing=&#8221;2px&#8221; header_3_line_height=&#8221;1.4em&#8221; background_layout=&#8221;dark&#8221; header_3_font_size_tablet=&#8221;14px&#8221; header_3_font_size_phone=&#8221;&#8221; header_3_font_size_last_edited=&#8221;on|phone&#8221; header_text_shadow_style=&#8221;preset2&#8243; text_text_align=&#8221;left&#8221; locked=&#8221;off&#8221; global_colors_info=&#8221;{}&#8221;]<\/p>\n<h3>About Puls<\/h3>\n<h1><strong>Other<\/strong> About pulse<\/h1>\n<p>[\/et_pb_text][\/et_pb_column][\/et_pb_row][\/et_pb_section][et_pb_section fb_built=&#8221;1&#8243; admin_label=&#8221;CTA&#8221; _builder_version=&#8221;4.16&#8243; background_color=&#8221;#000000&#8243; background_image=&#8221;https:\/\/puls.nu\/wp-content\/uploads\/2025\/08\/puls-bgpattern.png&#8221; background_size=&#8221;initial&#8221; background_position=&#8221;top_center&#8221; background_repeat=&#8221;repeat&#8221; locked=&#8221;off&#8221; global_colors_info=&#8221;{}&#8221;][et_pb_row _builder_version=&#8221;4.16&#8243; max_width=&#8221;1420px&#8221; global_colors_info=&#8221;{}&#8221;][et_pb_column type=&#8221;4_4&#8243; _builder_version=&#8221;4.16&#8243; global_colors_info=&#8221;{}&#8221;][et_pb_text _builder_version=&#8221;4.16&#8243; text_text_color=&#8221;#FFFFFF&#8221; text_font_size=&#8221;16px&#8221; text_line_height=&#8221;1.8em&#8221; header_3_font=&#8221;Montserrat|700||on|||||&#8221; header_3_text_color=&#8221;#990c2d&#8221; header_3_font_size=&#8221;30px&#8221; header_3_letter_spacing=&#8221;2px&#8221; header_3_line_height=&#8221;1.4em&#8221; header_4_font=&#8221;Montserrat|800||on|on||||&#8221; background_layout=&#8221;dark&#8221; max_width=&#8221;1420%&#8221; module_alignment=&#8221;center&#8221; text_font_size_tablet=&#8221;15px&#8221; text_font_size_phone=&#8221;14px&#8221; text_font_size_last_edited=&#8221;on|phone&#8221; header_3_font_size_tablet=&#8221;14px&#8221; header_3_font_size_phone=&#8221;&#8221; header_3_font_size_last_edited=&#8221;on|phone&#8221; global_colors_info=&#8221;{}&#8221;]<\/p>\n<h3>Other<\/h3>\n<p>In 2005 we started the multisport team TeamPuls.nu. The team has had different members over the years, but Tobias Kjell was the team captain until 2006. We also had grand plans to attend the Multisport World Championships in Hemavan in 2006, but that was cancelled due to injury problems.<\/p>\n<p>Since then we have been low on the team, although we tried to make a new effort on C2 in 2007, but once again it was cancelled due to injury problems. At the moment the team is inactive due to injury problems, but we promise to show our skills later!Result list: 2005 Stockholm Winter Adventure Race &#8211; SWAR the team came in 2nd place. TietoEnator &#8211; here they fought their way to a 3rd place.<\/p>\n<p>C2 there was an honorable 7th place (3rd in the prologue at Gr\u00f6na Lund!!). Fantastic considering that here we competed against the entire Swedish elite as well as parts of the world elite.[\/et_pb_text][\/et_pb_column][\/et_pb_row][\/et_pb_section]<\/p>\n","protected":false},"excerpt":{"rendered":"<p>About Puls Other About pulseOther In 2005 we started the multisport team TeamPuls.nu. The team has had different members over the years, but Tobias Kjell was the team captain until 2006. We also had grand plans to attend the Multisport World Championships in Hemavan in 2006, but that was cancelled due to injury problems. Since [&hellip;]<\/p>\n","protected":false},"author":1,"featured_media":0,"parent":0,"menu_order":0,"comment_status":"closed","ping_status":"closed","template":"","meta":{"_acf_changed":false,"_et_pb_use_builder":"on","_et_pb_old_content":"","_et_gb_content_width":"","footnotes":""},"class_list":["post-27382","page","type-page","status-publish","hentry"],"acf":[],"yoast_head":"<!-- This site is optimized with the Yoast SEO plugin v27.5 - https:\/\/yoast.com\/product\/yoast-seo-wordpress\/ -->\n<title>Other - Puls<\/title>\n<meta name=\"robots\" content=\"index, follow, max-snippet:-1, max-image-preview:large, max-video-preview:-1\" \/>\n<link rel=\"canonical\" href=\"https:\/\/puls.nu\/en\/other\/\" \/>\n<meta property=\"og:locale\" content=\"en_US\" \/>\n<meta property=\"og:type\" content=\"article\" \/>\n<meta property=\"og:title\" content=\"Other - Puls\" \/>\n<meta property=\"og:description\" content=\"About Puls Other About pulseOther In 2005 we started the multisport team TeamPuls.nu. The team has had different members over the years, but Tobias Kjell was the team captain until 2006. We also had grand plans to attend the Multisport World Championships in Hemavan in 2006, but that was cancelled due to injury problems. Since [&hellip;]\" \/>\n<meta property=\"og:url\" content=\"https:\/\/puls.nu\/en\/other\/\" \/>\n<meta property=\"og:site_name\" content=\"Puls\" \/>\n<meta property=\"article:publisher\" content=\"https:\/\/www.facebook.com\/puls.nu\/\" \/>\n<meta property=\"article:modified_time\" content=\"2025-09-01T13:02:34+00:00\" \/>\n<meta name=\"twitter:card\" content=\"summary_large_image\" \/>\n<meta name=\"twitter:label1\" content=\"Est. reading time\" \/>\n\t<meta name=\"twitter:data1\" content=\"2 minutes\" \/>\n<script type=\"application\/ld+json\" class=\"yoast-schema-graph\">{\"@context\":\"https:\\\/\\\/schema.org\",\"@graph\":[{\"@type\":\"WebPage\",\"@id\":\"https:\\\/\\\/puls.nu\\\/en\\\/other\\\/\",\"url\":\"https:\\\/\\\/puls.nu\\\/en\\\/other\\\/\",\"name\":\"Other - Puls\",\"isPartOf\":{\"@id\":\"https:\\\/\\\/puls.nu\\\/en\\\/#website\"},\"datePublished\":\"2023-02-15T11:10:08+00:00\",\"dateModified\":\"2025-09-01T13:02:34+00:00\",\"breadcrumb\":{\"@id\":\"https:\\\/\\\/puls.nu\\\/en\\\/other\\\/#breadcrumb\"},\"inLanguage\":\"en-US\",\"potentialAction\":[{\"@type\":\"ReadAction\",\"target\":[\"https:\\\/\\\/puls.nu\\\/en\\\/other\\\/\"]}]},{\"@type\":\"BreadcrumbList\",\"@id\":\"https:\\\/\\\/puls.nu\\\/en\\\/other\\\/#breadcrumb\",\"itemListElement\":[{\"@type\":\"ListItem\",\"position\":1,\"name\":\"Hem\",\"item\":\"https:\\\/\\\/puls.nu\\\/en\\\/hem\\\/\"},{\"@type\":\"ListItem\",\"position\":2,\"name\":\"Other\"}]},{\"@type\":\"WebSite\",\"@id\":\"https:\\\/\\\/puls.nu\\\/en\\\/#website\",\"url\":\"https:\\\/\\\/puls.nu\\\/en\\\/\",\"name\":\"Puls\",\"description\":\"Teambuilding och f\u00f6retagsevent med aktiviteter f\u00f6r f\u00f6retag\",\"publisher\":{\"@id\":\"https:\\\/\\\/puls.nu\\\/en\\\/#organization\"},\"potentialAction\":[{\"@type\":\"SearchAction\",\"target\":{\"@type\":\"EntryPoint\",\"urlTemplate\":\"https:\\\/\\\/puls.nu\\\/en\\\/?s={search_term_string}\"},\"query-input\":{\"@type\":\"PropertyValueSpecification\",\"valueRequired\":true,\"valueName\":\"search_term_string\"}}],\"inLanguage\":\"en-US\"},{\"@type\":\"Organization\",\"@id\":\"https:\\\/\\\/puls.nu\\\/en\\\/#organization\",\"name\":\"Puls\",\"url\":\"https:\\\/\\\/puls.nu\\\/en\\\/\",\"logo\":{\"@type\":\"ImageObject\",\"inLanguage\":\"en-US\",\"@id\":\"https:\\\/\\\/puls.nu\\\/en\\\/#\\\/schema\\\/logo\\\/image\\\/\",\"url\":\"https:\\\/\\\/puls.nu\\\/wp-content\\\/uploads\\\/2023\\\/11\\\/B659DAAD-8C47-46FA-BF79-DA9886ADC35F-2.png\",\"contentUrl\":\"https:\\\/\\\/puls.nu\\\/wp-content\\\/uploads\\\/2023\\\/11\\\/B659DAAD-8C47-46FA-BF79-DA9886ADC35F-2.png\",\"width\":500,\"height\":500,\"caption\":\"Puls\"},\"image\":{\"@id\":\"https:\\\/\\\/puls.nu\\\/en\\\/#\\\/schema\\\/logo\\\/image\\\/\"},\"sameAs\":[\"https:\\\/\\\/www.facebook.com\\\/puls.nu\\\/\"]}]}<\/script>\n<!-- \/ Yoast SEO plugin. -->","yoast_head_json":{"title":"Other - Puls","robots":{"index":"index","follow":"follow","max-snippet":"max-snippet:-1","max-image-preview":"max-image-preview:large","max-video-preview":"max-video-preview:-1"},"canonical":"https:\/\/puls.nu\/en\/other\/","og_locale":"en_US","og_type":"article","og_title":"Other - Puls","og_description":"About Puls Other About pulseOther In 2005 we started the multisport team TeamPuls.nu. The team has had different members over the years, but Tobias Kjell was the team captain until 2006. We also had grand plans to attend the Multisport World Championships in Hemavan in 2006, but that was cancelled due to injury problems. Since [&hellip;]","og_url":"https:\/\/puls.nu\/en\/other\/","og_site_name":"Puls","article_publisher":"https:\/\/www.facebook.com\/puls.nu\/","article_modified_time":"2025-09-01T13:02:34+00:00","twitter_card":"summary_large_image","twitter_misc":{"Est. reading time":"2 minutes"},"schema":{"@context":"https:\/\/schema.org","@graph":[{"@type":"WebPage","@id":"https:\/\/puls.nu\/en\/other\/","url":"https:\/\/puls.nu\/en\/other\/","name":"Other - Puls","isPartOf":{"@id":"https:\/\/puls.nu\/en\/#website"},"datePublished":"2023-02-15T11:10:08+00:00","dateModified":"2025-09-01T13:02:34+00:00","breadcrumb":{"@id":"https:\/\/puls.nu\/en\/other\/#breadcrumb"},"inLanguage":"en-US","potentialAction":[{"@type":"ReadAction","target":["https:\/\/puls.nu\/en\/other\/"]}]},{"@type":"BreadcrumbList","@id":"https:\/\/puls.nu\/en\/other\/#breadcrumb","itemListElement":[{"@type":"ListItem","position":1,"name":"Hem","item":"https:\/\/puls.nu\/en\/hem\/"},{"@type":"ListItem","position":2,"name":"Other"}]},{"@type":"WebSite","@id":"https:\/\/puls.nu\/en\/#website","url":"https:\/\/puls.nu\/en\/","name":"Puls","description":"Teambuilding och f\u00f6retagsevent med aktiviteter f\u00f6r f\u00f6retag","publisher":{"@id":"https:\/\/puls.nu\/en\/#organization"},"potentialAction":[{"@type":"SearchAction","target":{"@type":"EntryPoint","urlTemplate":"https:\/\/puls.nu\/en\/?s={search_term_string}"},"query-input":{"@type":"PropertyValueSpecification","valueRequired":true,"valueName":"search_term_string"}}],"inLanguage":"en-US"},{"@type":"Organization","@id":"https:\/\/puls.nu\/en\/#organization","name":"Puls","url":"https:\/\/puls.nu\/en\/","logo":{"@type":"ImageObject","inLanguage":"en-US","@id":"https:\/\/puls.nu\/en\/#\/schema\/logo\/image\/","url":"https:\/\/puls.nu\/wp-content\/uploads\/2023\/11\/B659DAAD-8C47-46FA-BF79-DA9886ADC35F-2.png","contentUrl":"https:\/\/puls.nu\/wp-content\/uploads\/2023\/11\/B659DAAD-8C47-46FA-BF79-DA9886ADC35F-2.png","width":500,"height":500,"caption":"Puls"},"image":{"@id":"https:\/\/puls.nu\/en\/#\/schema\/logo\/image\/"},"sameAs":["https:\/\/www.facebook.com\/puls.nu\/"]}]}},"_links":{"self":[{"href":"https:\/\/puls.nu\/en\/wp-json\/wp\/v2\/pages\/27382","targetHints":{"allow":["GET"]}}],"collection":[{"href":"https:\/\/puls.nu\/en\/wp-json\/wp\/v2\/pages"}],"about":[{"href":"https:\/\/puls.nu\/en\/wp-json\/wp\/v2\/types\/page"}],"author":[{"embeddable":true,"href":"https:\/\/puls.nu\/en\/wp-json\/wp\/v2\/users\/1"}],"replies":[{"embeddable":true,"href":"https:\/\/puls.nu\/en\/wp-json\/wp\/v2\/comments?post=27382"}],"version-history":[{"count":7,"href":"https:\/\/puls.nu\/en\/wp-json\/wp\/v2\/pages\/27382\/revisions"}],"predecessor-version":[{"id":29467,"href":"https:\/\/puls.nu\/en\/wp-json\/wp\/v2\/pages\/27382\/revisions\/29467"}],"wp:attachment":[{"href":"https:\/\/puls.nu\/en\/wp-json\/wp\/v2\/media?parent=27382"}],"curies":[{"name":"wp","href":"https:\/\/api.w.org\/{rel}","templated":true}]}}