{"id":27383,"date":"2023-02-15T12:10:08","date_gmt":"2023-02-15T11:10:08","guid":{"rendered":"https:\/\/puls.nu\/suppliers\/"},"modified":"2025-08-18T14:42:05","modified_gmt":"2025-08-18T12:42:05","slug":"suppliers","status":"publish","type":"page","link":"https:\/\/puls.nu\/en\/suppliers\/","title":{"rendered":"Suppliers"},"content":{"rendered":"<p>[et_pb_section fb_built=&#8221;1&#8243; admin_label=&#8221;Header&#8221; _builder_version=&#8221;4.23.1&#8243; background_image=&#8221;https:\/\/puls.nu\/wp-content\/uploads\/2024\/01\/IMG_0924-scaled-e1706190732230.jpg&#8221; locked=&#8221;off&#8221; global_colors_info=&#8221;{}&#8221;][et_pb_row _builder_version=&#8221;4.16&#8243; max_width=&#8221;1420px&#8221; global_colors_info=&#8221;{}&#8221;][et_pb_column type=&#8221;4_4&#8243; _builder_version=&#8221;4.16&#8243; global_colors_info=&#8221;{}&#8221;][et_pb_text _builder_version=&#8221;4.23.1&#8243; text_text_color=&#8221;rgba(255,255,255,0.5)&#8221; text_font_size=&#8221;16px&#8221; text_line_height=&#8221;1.8em&#8221; header_font=&#8221;Montserrat|300||on|||||&#8221; header_font_size=&#8221;6vw&#8221; header_line_height=&#8221;1.2em&#8221; header_3_font=&#8221;Montserrat|700||on|||||&#8221; header_3_text_color=&#8221;#990c2d&#8221; header_3_font_size=&#8221;16px&#8221; header_3_letter_spacing=&#8221;2px&#8221; header_3_line_height=&#8221;1.4em&#8221; background_layout=&#8221;dark&#8221; header_3_font_size_tablet=&#8221;14px&#8221; header_3_font_size_phone=&#8221;&#8221; header_3_font_size_last_edited=&#8221;on|phone&#8221; text_text_align=&#8221;left&#8221; locked=&#8221;off&#8221; global_colors_info=&#8221;{}&#8221;]<\/p>\n<h3><\/h3>\n<h1 style=\"text-align: center;\"><strong>Our suppliers<\/strong> <strong>Our suppliers<\/strong><\/h1>\n<p>[\/et_pb_text][\/et_pb_column][\/et_pb_row][\/et_pb_section][et_pb_section fb_built=&#8221;1&#8243; admin_label=&#8221;CTA&#8221; _builder_version=&#8221;4.16&#8243; locked=&#8221;off&#8221; global_colors_info=&#8221;{}&#8221; background_color=&#8221;#000000&#8243; background_image=&#8221;https:\/\/puls.nu\/wp-content\/uploads\/2025\/08\/puls-bgpattern.png&#8221; background_size=&#8221;initial&#8221; background_position=&#8221;top_center&#8221; background_repeat=&#8221;repeat&#8221;][et_pb_row column_structure=&#8221;1_6,1_6,1_6,1_6,1_6,1_6&#8243; _builder_version=&#8221;4.23.1&#8243; max_width=&#8221;1420px&#8221; custom_margin=&#8221;|auto||131px||&#8221; custom_padding=&#8221;24px|||||&#8221; global_colors_info=&#8221;{}&#8221;][et_pb_column type=&#8221;1_6&#8243; _builder_version=&#8221;4.16&#8243; global_colors_info=&#8221;{}&#8221;][et_pb_image src=&#8221;https:\/\/puls.nu\/wp-content\/uploads\/2024\/01\/Visionlogo-WHITE-e1706101806497-1.png&#8221; title_text=&#8221;Visionlogo-WHITE-e1706101806497&#8243; url=&#8221;https:\/\/visionflyfishing.com\/&#8221; url_new_window=&#8221;on&#8221; _builder_version=&#8221;4.23.1&#8243; _module_preset=&#8221;default&#8221; min_height=&#8221;154px&#8221; custom_margin=&#8221;-17px|-87px|28px|-6px||&#8221; custom_padding=&#8221;|0px||||&#8221; global_colors_info=&#8221;{}&#8221;][\/et_pb_image][\/et_pb_column][et_pb_column type=&#8221;1_6&#8243; _builder_version=&#8221;4.16&#8243; global_colors_info=&#8221;{}&#8221;][et_pb_image src=&#8221;https:\/\/puls.nu\/wp-content\/uploads\/2024\/01\/Jeep.png&#8221; title_text=&#8221;Jeep&#8221; url=&#8221;https:\/\/www.jeep.se\/&#8221; url_new_window=&#8221;on&#8221; _builder_version=&#8221;4.23.1&#8243; _module_preset=&#8221;default&#8221; width=&#8221;117.5%&#8221; min_height=&#8221;81.5px&#8221; custom_margin=&#8221;18px|-45px|-44px|25px||&#8221; custom_padding=&#8221;0px|0px|7px|||&#8221; global_colors_info=&#8221;{}&#8221;][\/et_pb_image][\/et_pb_column][et_pb_column type=&#8221;1_6&#8243; _builder_version=&#8221;4.16&#8243; global_colors_info=&#8221;{}&#8221;][et_pb_image src=&#8221;https:\/\/puls.nu\/wp-content\/uploads\/2022\/03\/haglofs.png&#8221; title_text=&#8221;haglofs&#8221; url=&#8221;https:\/\/www.haglofs.com\/sv&#8221; url_new_window=&#8221;on&#8221; _builder_version=&#8221;4.23.1&#8243; _module_preset=&#8221;default&#8221; min_height=&#8221;172px&#8221; custom_margin=&#8221;-25px|-8px|2px|-19px||&#8221; custom_padding=&#8221;10px||0px|||&#8221; global_colors_info=&#8221;{}&#8221;][\/et_pb_image][\/et_pb_column][et_pb_column type=&#8221;1_6&#8243; _builder_version=&#8221;4.23.1&#8243; _module_preset=&#8221;default&#8221; global_colors_info=&#8221;{}&#8221;][et_pb_image src=&#8221;https:\/\/puls.nu\/wp-content\/uploads\/2024\/01\/CTEK-logo-white-2-kopiera.png&#8221; title_text=&#8221;CTEK-logo-white (2) copy&#8221; url=&#8221;https:\/\/www.ctek.com\/se\/&#8221; url_new_window=&#8221;on&#8221; _builder_version=&#8221;4.23.1&#8243; _module_preset=&#8221;default&#8221; width=&#8221;132.2%&#8221; min_height=&#8221;53.1px&#8221; custom_margin=&#8221;-1px|-35px|44px|-102px||&#8221; custom_padding=&#8221;34px||15px|||&#8221; global_colors_info=&#8221;{}&#8221;][\/et_pb_image][\/et_pb_column][et_pb_column type=&#8221;1_6&#8243; _builder_version=&#8221;4.23.1&#8243; _module_preset=&#8221;default&#8221; global_colors_info=&#8221;{}&#8221;][et_pb_image src=&#8221;https:\/\/puls.nu\/wp-content\/uploads\/2024\/01\/lynx_logo_white_020719043142.png&#8221; title_text=&#8221;lynx_logo_white_020719043142&#8243; url=&#8221;https:\/\/www.brplynx.com\/se\/sv\/&#8221; _builder_version=&#8221;4.23.1&#8243; _module_preset=&#8221;default&#8221; width=&#8221;154.4%&#8221; custom_margin=&#8221;34px|1px|19px|-99px||&#8221; custom_padding=&#8221;|34px||||&#8221; global_colors_info=&#8221;{}&#8221;][\/et_pb_image][\/et_pb_column][et_pb_column type=&#8221;1_6&#8243; _builder_version=&#8221;4.23.1&#8243; _module_preset=&#8221;default&#8221; global_colors_info=&#8221;{}&#8221;][et_pb_image src=&#8221;https:\/\/puls.nu\/wp-content\/uploads\/2024\/01\/Tentipi-vit.png&#8221; title_text=&#8221;Tentipi white&#8221; url=&#8221;https:\/\/tentipi.se\/&#8221; _builder_version=&#8221;4.23.1&#8243; _module_preset=&#8221;default&#8221; custom_margin=&#8221;-2px|-40px|54px|-99px||&#8221; custom_padding=&#8221;0px|0px||||&#8221; global_colors_info=&#8221;{}&#8221;][\/et_pb_image][\/et_pb_column][\/et_pb_row][et_pb_row _builder_version=&#8221;4.16&#8243; max_width=&#8221;1420px&#8221; global_colors_info=&#8221;{}&#8221;][et_pb_column type=&#8221;4_4&#8243; _builder_version=&#8221;4.16&#8243; global_colors_info=&#8221;{}&#8221;][et_pb_text _builder_version=&#8221;4.18.0&#8243; text_text_color=&#8221;#FFFFFF&#8221; text_font_size=&#8221;16px&#8221; text_line_height=&#8221;1.8em&#8221; header_3_font=&#8221;Montserrat|700||on|||||&#8221; header_3_text_color=&#8221;#990c2d&#8221; header_3_font_size=&#8221;30px&#8221; header_3_letter_spacing=&#8221;2px&#8221; header_3_line_height=&#8221;1.4em&#8221; header_4_font=&#8221;Montserrat|800||on|on||||&#8221; background_layout=&#8221;dark&#8221; max_width=&#8221;1420%&#8221; module_alignment=&#8221;center&#8221; text_font_size_tablet=&#8221;15px&#8221; text_font_size_phone=&#8221;14px&#8221; text_font_size_last_edited=&#8221;on|phone&#8221; header_3_font_size_tablet=&#8221;14px&#8221; header_3_font_size_phone=&#8221;&#8221; header_3_font_size_last_edited=&#8221;on|phone&#8221; global_colors_info=&#8221;{}&#8221;]<\/p>\n<h3><span style=\"color: #ffffff;\">Suppliers<\/span><\/h3>\n<p>As we have extremely high wear and tear on our clothes and the equipment we use, we have high demands on durability, comfort and design.<\/p>\n<p>We are very happy and proud to have Jeep as our company cars. Distinguishing features are great comfort, great off-road performance and a look that reinforces our overall adventure profile. Never before has it been so much fun to go out on the daily events that we perform as now.<\/p>\n<p>On the scooter side, it is exclusively Lynx 4-stroke scooters that we use, but we are also eagerly awaiting the electric snowmobiles that they have in the pipeline.<\/p>\n<p><span>When it comes to our fishing products, we are very excited about our partnership with Vision Fly Fishing. This means that we can offer our customers the highest quality fly fishing equipment during our guided tours. <\/span><\/p>\n<p>On the clothing side, we have chosen Hagl\u00f6fs. Here, we fell for their stylish design and Nordic fit combined with durable materials and versatile solutions. In addition, they are very nice and professional to deal with.<\/p>\n<p>From C2 we buy all climbing equipment and headlamps from Petzl for our high altitude course.<\/p>\n<p>The kayaks come exclusively from Kajaktiv of the brand Prijon. Early on, we were attracted to the unspoiled material HTP and its high level of detail.<\/p>\n<p>&nbsp;<\/p>\n<p>We can gladly recommend the above suppliers and their products<\/p>\n<p>[\/et_pb_text][\/et_pb_column][\/et_pb_row][\/et_pb_section]<\/p>\n","protected":false},"excerpt":{"rendered":"<p>Our suppliers Our suppliersSuppliers As we have extremely high wear and tear on our clothes and the equipment we use, we have high demands on durability, comfort and design. We are very happy and proud to have Jeep as our company cars. Distinguishing features are great comfort, great off-road performance and a look that reinforces [&hellip;]<\/p>\n","protected":false},"author":1,"featured_media":0,"parent":0,"menu_order":0,"comment_status":"closed","ping_status":"closed","template":"","meta":{"_acf_changed":false,"_et_pb_use_builder":"on","_et_pb_old_content":"","_et_gb_content_width":"","footnotes":""},"class_list":["post-27383","page","type-page","status-publish","hentry"],"acf":[],"yoast_head":"<!-- This site is optimized with the Yoast SEO plugin v27.5 - https:\/\/yoast.com\/product\/yoast-seo-wordpress\/ -->\n<title>Suppliers - Puls<\/title>\n<meta name=\"robots\" content=\"index, follow, max-snippet:-1, max-image-preview:large, max-video-preview:-1\" \/>\n<link rel=\"canonical\" href=\"https:\/\/puls.nu\/en\/suppliers\/\" \/>\n<meta property=\"og:locale\" content=\"en_US\" \/>\n<meta property=\"og:type\" content=\"article\" \/>\n<meta property=\"og:title\" content=\"Suppliers - Puls\" \/>\n<meta property=\"og:description\" content=\"Our suppliers Our suppliersSuppliers As we have extremely high wear and tear on our clothes and the equipment we use, we have high demands on durability, comfort and design. We are very happy and proud to have Jeep as our company cars. Distinguishing features are great comfort, great off-road performance and a look that reinforces [&hellip;]\" \/>\n<meta property=\"og:url\" content=\"https:\/\/puls.nu\/en\/suppliers\/\" \/>\n<meta property=\"og:site_name\" content=\"Puls\" \/>\n<meta property=\"article:publisher\" content=\"https:\/\/www.facebook.com\/puls.nu\/\" \/>\n<meta property=\"article:modified_time\" content=\"2025-08-18T12:42:05+00:00\" \/>\n<meta name=\"twitter:card\" content=\"summary_large_image\" \/>\n<meta name=\"twitter:label1\" content=\"Est. reading time\" \/>\n\t<meta name=\"twitter:data1\" content=\"5 minutes\" \/>\n<script type=\"application\/ld+json\" class=\"yoast-schema-graph\">{\"@context\":\"https:\\\/\\\/schema.org\",\"@graph\":[{\"@type\":\"WebPage\",\"@id\":\"https:\\\/\\\/puls.nu\\\/en\\\/suppliers\\\/\",\"url\":\"https:\\\/\\\/puls.nu\\\/en\\\/suppliers\\\/\",\"name\":\"Suppliers - Puls\",\"isPartOf\":{\"@id\":\"https:\\\/\\\/puls.nu\\\/en\\\/#website\"},\"datePublished\":\"2023-02-15T11:10:08+00:00\",\"dateModified\":\"2025-08-18T12:42:05+00:00\",\"breadcrumb\":{\"@id\":\"https:\\\/\\\/puls.nu\\\/en\\\/suppliers\\\/#breadcrumb\"},\"inLanguage\":\"en-US\",\"potentialAction\":[{\"@type\":\"ReadAction\",\"target\":[\"https:\\\/\\\/puls.nu\\\/en\\\/suppliers\\\/\"]}]},{\"@type\":\"BreadcrumbList\",\"@id\":\"https:\\\/\\\/puls.nu\\\/en\\\/suppliers\\\/#breadcrumb\",\"itemListElement\":[{\"@type\":\"ListItem\",\"position\":1,\"name\":\"Hem\",\"item\":\"https:\\\/\\\/puls.nu\\\/en\\\/hem\\\/\"},{\"@type\":\"ListItem\",\"position\":2,\"name\":\"Suppliers\"}]},{\"@type\":\"WebSite\",\"@id\":\"https:\\\/\\\/puls.nu\\\/en\\\/#website\",\"url\":\"https:\\\/\\\/puls.nu\\\/en\\\/\",\"name\":\"Puls\",\"description\":\"Teambuilding och f\u00f6retagsevent med aktiviteter f\u00f6r f\u00f6retag\",\"publisher\":{\"@id\":\"https:\\\/\\\/puls.nu\\\/en\\\/#organization\"},\"potentialAction\":[{\"@type\":\"SearchAction\",\"target\":{\"@type\":\"EntryPoint\",\"urlTemplate\":\"https:\\\/\\\/puls.nu\\\/en\\\/?s={search_term_string}\"},\"query-input\":{\"@type\":\"PropertyValueSpecification\",\"valueRequired\":true,\"valueName\":\"search_term_string\"}}],\"inLanguage\":\"en-US\"},{\"@type\":\"Organization\",\"@id\":\"https:\\\/\\\/puls.nu\\\/en\\\/#organization\",\"name\":\"Puls\",\"url\":\"https:\\\/\\\/puls.nu\\\/en\\\/\",\"logo\":{\"@type\":\"ImageObject\",\"inLanguage\":\"en-US\",\"@id\":\"https:\\\/\\\/puls.nu\\\/en\\\/#\\\/schema\\\/logo\\\/image\\\/\",\"url\":\"https:\\\/\\\/puls.nu\\\/wp-content\\\/uploads\\\/2023\\\/11\\\/B659DAAD-8C47-46FA-BF79-DA9886ADC35F-2.png\",\"contentUrl\":\"https:\\\/\\\/puls.nu\\\/wp-content\\\/uploads\\\/2023\\\/11\\\/B659DAAD-8C47-46FA-BF79-DA9886ADC35F-2.png\",\"width\":500,\"height\":500,\"caption\":\"Puls\"},\"image\":{\"@id\":\"https:\\\/\\\/puls.nu\\\/en\\\/#\\\/schema\\\/logo\\\/image\\\/\"},\"sameAs\":[\"https:\\\/\\\/www.facebook.com\\\/puls.nu\\\/\"]}]}<\/script>\n<!-- \/ Yoast SEO plugin. -->","yoast_head_json":{"title":"Suppliers - Puls","robots":{"index":"index","follow":"follow","max-snippet":"max-snippet:-1","max-image-preview":"max-image-preview:large","max-video-preview":"max-video-preview:-1"},"canonical":"https:\/\/puls.nu\/en\/suppliers\/","og_locale":"en_US","og_type":"article","og_title":"Suppliers - Puls","og_description":"Our suppliers Our suppliersSuppliers As we have extremely high wear and tear on our clothes and the equipment we use, we have high demands on durability, comfort and design. We are very happy and proud to have Jeep as our company cars. Distinguishing features are great comfort, great off-road performance and a look that reinforces [&hellip;]","og_url":"https:\/\/puls.nu\/en\/suppliers\/","og_site_name":"Puls","article_publisher":"https:\/\/www.facebook.com\/puls.nu\/","article_modified_time":"2025-08-18T12:42:05+00:00","twitter_card":"summary_large_image","twitter_misc":{"Est. reading time":"5 minutes"},"schema":{"@context":"https:\/\/schema.org","@graph":[{"@type":"WebPage","@id":"https:\/\/puls.nu\/en\/suppliers\/","url":"https:\/\/puls.nu\/en\/suppliers\/","name":"Suppliers - Puls","isPartOf":{"@id":"https:\/\/puls.nu\/en\/#website"},"datePublished":"2023-02-15T11:10:08+00:00","dateModified":"2025-08-18T12:42:05+00:00","breadcrumb":{"@id":"https:\/\/puls.nu\/en\/suppliers\/#breadcrumb"},"inLanguage":"en-US","potentialAction":[{"@type":"ReadAction","target":["https:\/\/puls.nu\/en\/suppliers\/"]}]},{"@type":"BreadcrumbList","@id":"https:\/\/puls.nu\/en\/suppliers\/#breadcrumb","itemListElement":[{"@type":"ListItem","position":1,"name":"Hem","item":"https:\/\/puls.nu\/en\/hem\/"},{"@type":"ListItem","position":2,"name":"Suppliers"}]},{"@type":"WebSite","@id":"https:\/\/puls.nu\/en\/#website","url":"https:\/\/puls.nu\/en\/","name":"Puls","description":"Teambuilding och f\u00f6retagsevent med aktiviteter f\u00f6r f\u00f6retag","publisher":{"@id":"https:\/\/puls.nu\/en\/#organization"},"potentialAction":[{"@type":"SearchAction","target":{"@type":"EntryPoint","urlTemplate":"https:\/\/puls.nu\/en\/?s={search_term_string}"},"query-input":{"@type":"PropertyValueSpecification","valueRequired":true,"valueName":"search_term_string"}}],"inLanguage":"en-US"},{"@type":"Organization","@id":"https:\/\/puls.nu\/en\/#organization","name":"Puls","url":"https:\/\/puls.nu\/en\/","logo":{"@type":"ImageObject","inLanguage":"en-US","@id":"https:\/\/puls.nu\/en\/#\/schema\/logo\/image\/","url":"https:\/\/puls.nu\/wp-content\/uploads\/2023\/11\/B659DAAD-8C47-46FA-BF79-DA9886ADC35F-2.png","contentUrl":"https:\/\/puls.nu\/wp-content\/uploads\/2023\/11\/B659DAAD-8C47-46FA-BF79-DA9886ADC35F-2.png","width":500,"height":500,"caption":"Puls"},"image":{"@id":"https:\/\/puls.nu\/en\/#\/schema\/logo\/image\/"},"sameAs":["https:\/\/www.facebook.com\/puls.nu\/"]}]}},"_links":{"self":[{"href":"https:\/\/puls.nu\/en\/wp-json\/wp\/v2\/pages\/27383","targetHints":{"allow":["GET"]}}],"collection":[{"href":"https:\/\/puls.nu\/en\/wp-json\/wp\/v2\/pages"}],"about":[{"href":"https:\/\/puls.nu\/en\/wp-json\/wp\/v2\/types\/page"}],"author":[{"embeddable":true,"href":"https:\/\/puls.nu\/en\/wp-json\/wp\/v2\/users\/1"}],"replies":[{"embeddable":true,"href":"https:\/\/puls.nu\/en\/wp-json\/wp\/v2\/comments?post=27383"}],"version-history":[{"count":7,"href":"https:\/\/puls.nu\/en\/wp-json\/wp\/v2\/pages\/27383\/revisions"}],"predecessor-version":[{"id":29233,"href":"https:\/\/puls.nu\/en\/wp-json\/wp\/v2\/pages\/27383\/revisions\/29233"}],"wp:attachment":[{"href":"https:\/\/puls.nu\/en\/wp-json\/wp\/v2\/media?parent=27383"}],"curies":[{"name":"wp","href":"https:\/\/api.w.org\/{rel}","templated":true}]}}