{"id":27410,"date":"2022-02-07T13:26:25","date_gmt":"2022-02-07T12:26:25","guid":{"rendered":"https:\/\/puls.nu\/employees\/"},"modified":"2025-11-28T11:21:52","modified_gmt":"2025-11-28T10:21:52","slug":"employees","status":"publish","type":"page","link":"https:\/\/puls.nu\/en\/employees\/","title":{"rendered":"Employees"},"content":{"rendered":"<p>[et_pb_section fb_built=&#8221;1&#8243; admin_label=&#8221;Header&#8221; _builder_version=&#8221;4.23.1&#8243; background_image=&#8221;https:\/\/puls.nu\/wp-content\/uploads\/2024\/01\/IMG_6163-2.jpeg&#8221; locked=&#8221;off&#8221; global_colors_info=&#8221;{}&#8221;][et_pb_row _builder_version=&#8221;4.16&#8243; max_width=&#8221;1420px&#8221; global_colors_info=&#8221;{}&#8221;][et_pb_column type=&#8221;4_4&#8243; _builder_version=&#8221;4.16&#8243; global_colors_info=&#8221;{}&#8221;][et_pb_text _builder_version=&#8221;4.18.0&#8243; text_text_color=&#8221;rgba(255,255,255,0.5)&#8221; text_font_size=&#8221;16px&#8221; text_line_height=&#8221;1.8em&#8221; header_font=&#8221;Montserrat|300||on|||||&#8221; header_font_size=&#8221;6vw&#8221; header_line_height=&#8221;1.2em&#8221; header_3_font=&#8221;Montserrat|700||on|||||&#8221; header_3_text_color=&#8221;#990c2d&#8221; header_3_font_size=&#8221;16px&#8221; header_3_letter_spacing=&#8221;2px&#8221; header_3_line_height=&#8221;1.4em&#8221; background_layout=&#8221;dark&#8221; header_3_font_size_tablet=&#8221;14px&#8221; header_3_font_size_phone=&#8221;&#8221; header_3_font_size_last_edited=&#8221;on|phone&#8221; header_text_shadow_style=&#8221;preset2&#8243; text_text_align=&#8221;left&#8221; locked=&#8221;off&#8221; global_colors_info=&#8221;{}&#8221;]<\/p>\n<h3>Who are we<\/h3>\n<h1><strong>our<\/strong> employees<\/h1>\n<p>[\/et_pb_text][\/et_pb_column][\/et_pb_row][\/et_pb_section][et_pb_section fb_built=&#8221;1&#8243; admin_label=&#8221;CTA&#8221; _builder_version=&#8221;4.16&#8243; background_color=&#8221;#000000&#8243; background_image=&#8221;https:\/\/puls.nu\/wp-content\/uploads\/2025\/08\/puls-bgpattern.png&#8221; background_size=&#8221;initial&#8221; background_position=&#8221;top_center&#8221; background_repeat=&#8221;repeat&#8221; locked=&#8221;off&#8221; global_colors_info=&#8221;{}&#8221;][et_pb_row _builder_version=&#8221;4.16&#8243; max_width=&#8221;1420px&#8221; custom_padding=&#8221;||6px|||&#8221; global_colors_info=&#8221;{}&#8221;][et_pb_column type=&#8221;4_4&#8243; _builder_version=&#8221;4.16&#8243; global_colors_info=&#8221;{}&#8221;][et_pb_text _builder_version=&#8221;4.18.0&#8243; text_text_color=&#8221;#FFFFFF&#8221; text_font_size=&#8221;16px&#8221; text_line_height=&#8221;1.8em&#8221; header_3_font=&#8221;Montserrat|700||on|||||&#8221; header_3_text_color=&#8221;#990c2d&#8221; header_3_font_size=&#8221;30px&#8221; header_3_letter_spacing=&#8221;2px&#8221; header_3_line_height=&#8221;1.4em&#8221; background_layout=&#8221;dark&#8221; max_width=&#8221;1420%&#8221; module_alignment=&#8221;center&#8221; text_font_size_tablet=&#8221;15px&#8221; text_font_size_phone=&#8221;14px&#8221; text_font_size_last_edited=&#8221;on|phone&#8221; header_3_font_size_tablet=&#8221;14px&#8221; header_3_font_size_phone=&#8221;&#8221; header_3_font_size_last_edited=&#8221;on|phone&#8221; global_colors_info=&#8221;{}&#8221;]<\/p>\n<h3><span style=\"color: #ffffff;\">Our employees<\/span><\/h3>\n<p>[\/et_pb_text][\/et_pb_column][\/et_pb_row][et_pb_row column_structure=&#8221;1_3,1_3,1_3&#8243; make_equal=&#8221;on&#8221; _builder_version=&#8221;4.16&#8243; max_width=&#8221;1420px&#8221; custom_padding=&#8221;||||true|true&#8221; global_colors_info=&#8221;{}&#8221;][et_pb_column type=&#8221;1_3&#8243; _builder_version=&#8221;4.16&#8243; background_color=&#8221;#FFFFFF&#8221; border_radii=&#8221;on|5px|5px|5px|5px&#8221; global_colors_info=&#8221;{}&#8221;][et_pb_image src=&#8221;https:\/\/puls.nu\/wp-content\/uploads\/2025\/09\/CW-2-e1757451509514.jpg&#8221; title_text=&#8221;CW 2&#8243; show_bottom_space=&#8221;off&#8221; force_fullwidth=&#8221;on&#8221; _builder_version=&#8221;4.27.4&#8243; _module_preset=&#8221;default&#8221; global_colors_info=&#8221;{}&#8221;][\/et_pb_image][et_pb_text _builder_version=&#8221;4.27.4&#8243; _module_preset=&#8221;default&#8221; text_text_color=&#8221;rgba(0,0,0,0.75)&#8221; link_text_color=&#8221;rgba(0,0,0,0.75)&#8221; header_text_color=&#8221;#FFFFFF&#8221; header_3_font=&#8221;Montserrat|800|||||||&#8221; header_3_text_color=&#8221;#990c2d&#8221; header_3_letter_spacing=&#8221;1px&#8221; custom_padding=&#8221;15px|15px|15px|15px|true|true&#8221; global_colors_info=&#8221;{}&#8221;]<\/p>\n<h3>Christer Wagn\u00e5s<\/h3>\n<p>CEO\/CEO<\/p>\n<p><span style=\"text-decoration: underline;\"><a href=\"mailto:christer@puls.nu\">christer@puls.nu<\/a><\/span><br \/><span style=\"text-decoration: underline;\">Mob: 070-175 22 30<\/span><\/p>\n<p>Christer founded Puls in 2001 and has his roots from the High Coast. Entrepreneur, brainstormer, project manager and salesman is a good summary of his work role. Freeriding, canoeing, snowmobiling and fishing are his personal favorites. Merits in working life include his 12 years at Canon as product manager.  <\/p>\n<p>[\/et_pb_text][\/et_pb_column][et_pb_column type=&#8221;1_3&#8243; _builder_version=&#8221;4.16&#8243; background_color=&#8221;#FFFFFF&#8221; border_radii=&#8221;on|5px|5px|5px|5px&#8221; global_colors_info=&#8221;{}&#8221;][et_pb_image src=&#8221;https:\/\/puls.nu\/wp-content\/uploads\/2022\/10\/Tinaw.jpg&#8221; title_text=&#8221;Tinaw&#8221; show_bottom_space=&#8221;off&#8221; force_fullwidth=&#8221;on&#8221; _builder_version=&#8221;4.19.5&#8243; _module_preset=&#8221;default&#8221; global_colors_info=&#8221;{}&#8221;][\/et_pb_image][et_pb_text _builder_version=&#8221;4.27.4&#8243; _module_preset=&#8221;default&#8221; text_text_color=&#8221;rgba(0,0,0,0.75)&#8221; link_text_color=&#8221;rgba(0,0,0,0.75)&#8221; header_text_color=&#8221;#FFFFFF&#8221; header_3_font=&#8221;Montserrat|800|||||||&#8221; header_3_text_color=&#8221;#990c2d&#8221; header_3_letter_spacing=&#8221;1px&#8221; custom_padding=&#8221;15px|15px|15px|15px|true|true&#8221; global_colors_info=&#8221;{}&#8221;]<\/p>\n<h3>Tina Wagn\u00e5s<\/h3>\n<p>Booking manager<\/p>\n<p><span style=\"text-decoration: underline;\"><a href=\"mailto:tina@puls.nu\">tina@puls.nu<\/a><\/span><br \/><span style=\"text-decoration: underline;\">Mob: 070-175 22 68<\/span><\/p>\n<p>Tina Wagn\u00e5s was born in Stockholm and has a background in travel, hotels and conferences. It is Tina that you meet in the booking when you call or email us at Puls. Her main hobbies are training dogs, riding Icelandic horses, hiking and photography. She prefers to spend time in the mountains whenever she gets the chance.<\/p>\n<p>[\/et_pb_text][\/et_pb_column][et_pb_column type=&#8221;1_3&#8243; _builder_version=&#8221;4.16&#8243; background_color=&#8221;#FFFFFF&#8221; border_radii=&#8221;on|5px|5px|5px|5px&#8221; global_colors_info=&#8221;{}&#8221;][et_pb_image src=&#8221;https:\/\/puls.nu\/wp-content\/uploads\/2023\/06\/dw.jpg&#8221; title_text=&#8221;therefore&#8221; show_bottom_space=&#8221;off&#8221; force_fullwidth=&#8221;on&#8221; _builder_version=&#8221;4.19.5&#8243; _module_preset=&#8221;default&#8221; global_colors_info=&#8221;{}&#8221;][\/et_pb_image][et_pb_text _builder_version=&#8221;4.27.4&#8243; _module_preset=&#8221;default&#8221; text_text_color=&#8221;rgba(0,0,0,0.75)&#8221; link_text_color=&#8221;rgba(0,0,0,0.75)&#8221; header_text_color=&#8221;#FFFFFF&#8221; header_3_font=&#8221;Montserrat|800|||||||&#8221; header_3_text_color=&#8221;#990c2d&#8221; header_3_letter_spacing=&#8221;1px&#8221; custom_padding=&#8221;15px|15px|15px|15px|true|true&#8221; global_colors_info=&#8221;{}&#8221;]<\/p>\n<h3>Douglas Wagn\u00e5s<\/h3>\n<p>Sales Manager and Site Manager Stockholm.<\/p>\n<p><span style=\"text-decoration: underline;\"><a href=\"mailto:douglas@puls.nu\">douglas@puls.nu<\/a><\/span><br \/><span style=\"text-decoration: underline;\">Mob: 070-175 22 69<\/span><\/p>\n<p>Douglas is today one of our most experienced guides. He is a former. hockey player who has now chosen to develop at Puls. The best chance to meet him is at fairs and events in Stockholm where he currently works as a sales manager. His main interests are downhill biking, all kinds of fishing and hiking.  <\/p>\n<p>[\/et_pb_text][\/et_pb_column][\/et_pb_row][et_pb_row column_structure=&#8221;1_3,1_3,1_3&#8243; make_equal=&#8221;on&#8221; _builder_version=&#8221;4.18.0&#8243; max_width=&#8221;1420px&#8221; custom_padding=&#8221;||||true|true&#8221; global_colors_info=&#8221;{}&#8221;][et_pb_column type=&#8221;1_3&#8243; _builder_version=&#8221;4.16&#8243; background_color=&#8221;#FFFFFF&#8221; border_radii=&#8221;on|5px|5px|5px|5px&#8221; global_colors_info=&#8221;{}&#8221;][et_pb_image src=&#8221;https:\/\/puls.nu\/wp-content\/uploads\/2025\/09\/Fredrik-Erixon-1-scaled-e1757797657405.jpg&#8221; title_text=&#8221;Fredrik Erixon&#8221; show_bottom_space=&#8221;off&#8221; force_fullwidth=&#8221;on&#8221; _builder_version=&#8221;4.27.4&#8243; _module_preset=&#8221;default&#8221; global_colors_info=&#8221;{}&#8221;][\/et_pb_image][et_pb_text _builder_version=&#8221;4.27.4&#8243; _module_preset=&#8221;default&#8221; text_text_color=&#8221;rgba(0,0,0,0.75)&#8221; link_text_color=&#8221;rgba(0,0,0,0.75)&#8221; header_text_color=&#8221;#FFFFFF&#8221; header_3_font=&#8221;Montserrat|800|||||||&#8221; header_3_text_color=&#8221;#990c2d&#8221; header_3_letter_spacing=&#8221;1px&#8221; custom_padding=&#8221;15px|15px|15px|15px|true|true&#8221; global_colors_info=&#8221;{}&#8221;]<\/p>\n<h3>Fredrik Erixon<\/h3>\n<p>Chef&#8217;s Guide Stockholm<\/p>\n<p><span style=\"text-decoration: underline;\"><a href=\"mailto:fredrik@puls.nu\">fredrik@puls.nu<\/a><\/span><br \/><span style=\"text-decoration: underline;\">Mob: 070-175 22 40<\/span><\/p>\n<p>Fredrik is an energetic guy from Enk\u00f6ping who worked as a sales manager at OK\/Q8 before joining Puls. Handball has permeated his entire life, including his job as a coach. Indoor climbing, canoeing and outdoor activities of all kinds are some of his hobbies.<\/p>\n<p>[\/et_pb_text][\/et_pb_column][et_pb_column type=&#8221;1_3&#8243; _builder_version=&#8221;4.16&#8243; background_color=&#8221;#FFFFFF&#8221; border_radii=&#8221;on|5px|5px|5px|5px&#8221; global_colors_info=&#8221;{}&#8221;][et_pb_image src=&#8221;https:\/\/puls.nu\/wp-content\/uploads\/2023\/06\/erica.jpg&#8221; title_text=&#8221;erica&#8221; show_bottom_space=&#8221;off&#8221; force_fullwidth=&#8221;on&#8221; _builder_version=&#8221;4.19.5&#8243; _module_preset=&#8221;default&#8221; global_colors_info=&#8221;{}&#8221;][\/et_pb_image][et_pb_text _builder_version=&#8221;4.27.4&#8243; _module_preset=&#8221;default&#8221; text_text_color=&#8221;rgba(0,0,0,0.75)&#8221; link_text_color=&#8221;rgba(0,0,0,0.75)&#8221; header_text_color=&#8221;#FFFFFF&#8221; header_3_font=&#8221;Montserrat|800|||||||&#8221; header_3_text_color=&#8221;#990c2d&#8221; header_3_letter_spacing=&#8221;1px&#8221; custom_padding=&#8221;15px|15px|15px|15px|true|true&#8221; global_colors_info=&#8221;{}&#8221;]<\/p>\n<h3>Erica Johansson<\/h3>\n<p>Site Manager Gothenburg<\/p>\n<p><span style=\"text-decoration: underline;\">erica@puls.nu<br \/>031-10 90 20<\/span><\/p>\n<p><span style=\"text-decoration: underline;\"><\/span><span style=\"text-decoration: underline;\"><\/span>Athletics profile Erica Johansson, born and raised in Landvetter, is our site manager in Gothenburg. Erica&#8217;s extensive experience as a PT, moderator, training and team building instructor will be of great help and inspiration when choosing activities from our range.  You know that she still holds the Swedish length record &#8211; 6.99!<\/p>\n<p><span style=\"text-decoration: underline;\"><\/span><\/p>\n<p><span style=\"text-decoration: underline;\"><\/span><\/p>\n<p>[\/et_pb_text][\/et_pb_column][et_pb_column type=&#8221;1_3&#8243; _builder_version=&#8221;4.16&#8243; background_color=&#8221;#FFFFFF&#8221; border_radii=&#8221;on|5px|5px|5px|5px&#8221; global_colors_info=&#8221;{}&#8221;][et_pb_image src=&#8221;https:\/\/puls.nu\/wp-content\/uploads\/2025\/09\/Caroline-III-scaled-e1757796853109.jpg&#8221; title_text=&#8221;Caroline III&#8221; show_bottom_space=&#8221;off&#8221; force_fullwidth=&#8221;on&#8221; _builder_version=&#8221;4.27.4&#8243; _module_preset=&#8221;default&#8221; global_colors_info=&#8221;{}&#8221;][\/et_pb_image][et_pb_text _builder_version=&#8221;4.27.4&#8243; _module_preset=&#8221;default&#8221; text_text_color=&#8221;rgba(0,0,0,0.75)&#8221; link_text_color=&#8221;rgba(0,0,0,0.75)&#8221; header_text_color=&#8221;#FFFFFF&#8221; header_3_font=&#8221;Montserrat|800|||||||&#8221; header_3_text_color=&#8221;#990c2d&#8221; header_3_letter_spacing=&#8221;1px&#8221; custom_padding=&#8221;15px|15px|15px|15px|true|true&#8221; global_colors_info=&#8221;{}&#8221;]<\/p>\n<h3>Caroline Nyiri<\/h3>\n<p>Site Manager Fun\u00e4sfj\u00e4llen &amp; Vemdalen<\/p>\n<p><span style=\"text-decoration: underline;\"><a href=\"mailto:fredrik.jangtorp@puls.nu\">caroline@puls.nu<\/a><\/span><br \/><span style=\"text-decoration: underline;\">Mob: 070-618 77 00<\/span><\/p>\n<p class=\"p1\">Caroline is the Stockholm girl who sought out the northern regions of Sweden early on. Caroline has acquired an impressive track record as a trained nature &amp; wilderness guide. Her guiding experience includes dog sledding, snowmobile guiding, summit tour guiding, fly fishing guiding and hiking guiding to name a few. Caroline has worked as an adventure guide for many years and is also known for her beautiful nature photography on social media.   <\/p>\n<p>[\/et_pb_text][\/et_pb_column][\/et_pb_row][et_pb_row make_equal=&#8221;on&#8221; _builder_version=&#8221;4.16&#8243; max_width=&#8221;1420px&#8221; custom_padding=&#8221;||||true|true&#8221; global_colors_info=&#8221;{}&#8221;][et_pb_column type=&#8221;4_4&#8243; _builder_version=&#8221;4.16&#8243; background_color=&#8221;#FFFFFF&#8221; border_radii=&#8221;on|5px|5px|5px|5px&#8221; global_colors_info=&#8221;{}&#8221;][et_pb_text _builder_version=&#8221;4.18.0&#8243; _module_preset=&#8221;default&#8221; text_text_color=&#8221;rgba(0,0,0,0.75)&#8221; link_text_color=&#8221;rgba(0,0,0,0.75)&#8221; header_text_color=&#8221;#FFFFFF&#8221; header_3_font=&#8221;Montserrat|800|||||||&#8221; header_3_text_color=&#8221;#990c2d&#8221; header_3_letter_spacing=&#8221;1px&#8221; custom_margin=&#8221;||20px|||&#8221; custom_padding=&#8221;15px|15px|15px|15px|true|true&#8221; global_colors_info=&#8221;{}&#8221;]<\/p>\n<h3>All employees<\/h3>\n<p><span style=\"text-decoration: underline;\"><a href=\"mailto:info@puls.nu\">book<\/a><\/span><span style=\"text-decoration: underline;\"><a href=\"mailto:info@puls.nu\">@puls.nu<\/a><\/span><\/p>\n<p>Here are some of the 20 or so guides who work at Puls.<\/p>\n<p>[\/et_pb_text][et_pb_image src=&#8221;https:\/\/puls.nu\/wp-content\/uploads\/2022\/06\/samling.jpg&#8221; title_text=&#8221;collection&#8221; force_fullwidth=&#8221;on&#8221; _builder_version=&#8221;4.17.4&#8243; _module_preset=&#8221;default&#8221; global_colors_info=&#8221;{}&#8221;][\/et_pb_image][\/et_pb_column][\/et_pb_row][\/et_pb_section]<\/p>\n","protected":false},"excerpt":{"rendered":"<p>Who are we our employeesOur employeesChrister Wagn\u00e5s CEO\/CEO christer@puls.nuMob: 070-175 22 30 Christer founded Puls in 2001 and has his roots from the High Coast. Entrepreneur, brainstormer, project manager and salesman is a good summary of his work role. Freeriding, canoeing, snowmobiling and fishing are his personal favorites. Merits in working life include his 12 [&hellip;]<\/p>\n","protected":false},"author":1,"featured_media":0,"parent":0,"menu_order":0,"comment_status":"closed","ping_status":"closed","template":"","meta":{"_acf_changed":false,"_et_pb_use_builder":"on","_et_pb_old_content":"","_et_gb_content_width":"","footnotes":""},"class_list":["post-27410","page","type-page","status-publish","hentry"],"acf":[],"yoast_head":"<!-- This site is optimized with the Yoast SEO plugin v27.5 - https:\/\/yoast.com\/product\/yoast-seo-wordpress\/ -->\n<title>Employees - Puls<\/title>\n<meta name=\"robots\" content=\"index, follow, max-snippet:-1, max-image-preview:large, max-video-preview:-1\" \/>\n<link rel=\"canonical\" href=\"https:\/\/puls.nu\/en\/employees\/\" \/>\n<meta property=\"og:locale\" content=\"en_US\" \/>\n<meta property=\"og:type\" content=\"article\" \/>\n<meta property=\"og:title\" content=\"Employees - Puls\" \/>\n<meta property=\"og:description\" content=\"Who are we our employeesOur employeesChrister Wagn\u00e5s CEO\/CEO christer@puls.nuMob: 070-175 22 30 Christer founded Puls in 2001 and has his roots from the High Coast. Entrepreneur, brainstormer, project manager and salesman is a good summary of his work role. Freeriding, canoeing, snowmobiling and fishing are his personal favorites. Merits in working life include his 12 [&hellip;]\" \/>\n<meta property=\"og:url\" content=\"https:\/\/puls.nu\/en\/employees\/\" \/>\n<meta property=\"og:site_name\" content=\"Puls\" \/>\n<meta property=\"article:publisher\" content=\"https:\/\/www.facebook.com\/puls.nu\/\" \/>\n<meta property=\"article:modified_time\" content=\"2025-11-28T10:21:52+00:00\" \/>\n<meta name=\"twitter:card\" content=\"summary_large_image\" \/>\n<meta name=\"twitter:label1\" content=\"Est. reading time\" \/>\n\t<meta name=\"twitter:data1\" content=\"7 minutes\" \/>\n<script type=\"application\/ld+json\" class=\"yoast-schema-graph\">{\"@context\":\"https:\\\/\\\/schema.org\",\"@graph\":[{\"@type\":\"WebPage\",\"@id\":\"https:\\\/\\\/puls.nu\\\/en\\\/employees\\\/\",\"url\":\"https:\\\/\\\/puls.nu\\\/en\\\/employees\\\/\",\"name\":\"Employees - Puls\",\"isPartOf\":{\"@id\":\"https:\\\/\\\/puls.nu\\\/en\\\/#website\"},\"datePublished\":\"2022-02-07T12:26:25+00:00\",\"dateModified\":\"2025-11-28T10:21:52+00:00\",\"breadcrumb\":{\"@id\":\"https:\\\/\\\/puls.nu\\\/en\\\/employees\\\/#breadcrumb\"},\"inLanguage\":\"en-US\",\"potentialAction\":[{\"@type\":\"ReadAction\",\"target\":[\"https:\\\/\\\/puls.nu\\\/en\\\/employees\\\/\"]}]},{\"@type\":\"BreadcrumbList\",\"@id\":\"https:\\\/\\\/puls.nu\\\/en\\\/employees\\\/#breadcrumb\",\"itemListElement\":[{\"@type\":\"ListItem\",\"position\":1,\"name\":\"Hem\",\"item\":\"https:\\\/\\\/puls.nu\\\/en\\\/hem\\\/\"},{\"@type\":\"ListItem\",\"position\":2,\"name\":\"Employees\"}]},{\"@type\":\"WebSite\",\"@id\":\"https:\\\/\\\/puls.nu\\\/en\\\/#website\",\"url\":\"https:\\\/\\\/puls.nu\\\/en\\\/\",\"name\":\"Puls\",\"description\":\"Teambuilding och f\u00f6retagsevent med aktiviteter f\u00f6r f\u00f6retag\",\"publisher\":{\"@id\":\"https:\\\/\\\/puls.nu\\\/en\\\/#organization\"},\"potentialAction\":[{\"@type\":\"SearchAction\",\"target\":{\"@type\":\"EntryPoint\",\"urlTemplate\":\"https:\\\/\\\/puls.nu\\\/en\\\/?s={search_term_string}\"},\"query-input\":{\"@type\":\"PropertyValueSpecification\",\"valueRequired\":true,\"valueName\":\"search_term_string\"}}],\"inLanguage\":\"en-US\"},{\"@type\":\"Organization\",\"@id\":\"https:\\\/\\\/puls.nu\\\/en\\\/#organization\",\"name\":\"Puls\",\"url\":\"https:\\\/\\\/puls.nu\\\/en\\\/\",\"logo\":{\"@type\":\"ImageObject\",\"inLanguage\":\"en-US\",\"@id\":\"https:\\\/\\\/puls.nu\\\/en\\\/#\\\/schema\\\/logo\\\/image\\\/\",\"url\":\"https:\\\/\\\/puls.nu\\\/wp-content\\\/uploads\\\/2023\\\/11\\\/B659DAAD-8C47-46FA-BF79-DA9886ADC35F-2.png\",\"contentUrl\":\"https:\\\/\\\/puls.nu\\\/wp-content\\\/uploads\\\/2023\\\/11\\\/B659DAAD-8C47-46FA-BF79-DA9886ADC35F-2.png\",\"width\":500,\"height\":500,\"caption\":\"Puls\"},\"image\":{\"@id\":\"https:\\\/\\\/puls.nu\\\/en\\\/#\\\/schema\\\/logo\\\/image\\\/\"},\"sameAs\":[\"https:\\\/\\\/www.facebook.com\\\/puls.nu\\\/\"]}]}<\/script>\n<!-- \/ Yoast SEO plugin. -->","yoast_head_json":{"title":"Employees - Puls","robots":{"index":"index","follow":"follow","max-snippet":"max-snippet:-1","max-image-preview":"max-image-preview:large","max-video-preview":"max-video-preview:-1"},"canonical":"https:\/\/puls.nu\/en\/employees\/","og_locale":"en_US","og_type":"article","og_title":"Employees - Puls","og_description":"Who are we our employeesOur employeesChrister Wagn\u00e5s CEO\/CEO christer@puls.nuMob: 070-175 22 30 Christer founded Puls in 2001 and has his roots from the High Coast. Entrepreneur, brainstormer, project manager and salesman is a good summary of his work role. Freeriding, canoeing, snowmobiling and fishing are his personal favorites. Merits in working life include his 12 [&hellip;]","og_url":"https:\/\/puls.nu\/en\/employees\/","og_site_name":"Puls","article_publisher":"https:\/\/www.facebook.com\/puls.nu\/","article_modified_time":"2025-11-28T10:21:52+00:00","twitter_card":"summary_large_image","twitter_misc":{"Est. reading time":"7 minutes"},"schema":{"@context":"https:\/\/schema.org","@graph":[{"@type":"WebPage","@id":"https:\/\/puls.nu\/en\/employees\/","url":"https:\/\/puls.nu\/en\/employees\/","name":"Employees - Puls","isPartOf":{"@id":"https:\/\/puls.nu\/en\/#website"},"datePublished":"2022-02-07T12:26:25+00:00","dateModified":"2025-11-28T10:21:52+00:00","breadcrumb":{"@id":"https:\/\/puls.nu\/en\/employees\/#breadcrumb"},"inLanguage":"en-US","potentialAction":[{"@type":"ReadAction","target":["https:\/\/puls.nu\/en\/employees\/"]}]},{"@type":"BreadcrumbList","@id":"https:\/\/puls.nu\/en\/employees\/#breadcrumb","itemListElement":[{"@type":"ListItem","position":1,"name":"Hem","item":"https:\/\/puls.nu\/en\/hem\/"},{"@type":"ListItem","position":2,"name":"Employees"}]},{"@type":"WebSite","@id":"https:\/\/puls.nu\/en\/#website","url":"https:\/\/puls.nu\/en\/","name":"Puls","description":"Teambuilding och f\u00f6retagsevent med aktiviteter f\u00f6r f\u00f6retag","publisher":{"@id":"https:\/\/puls.nu\/en\/#organization"},"potentialAction":[{"@type":"SearchAction","target":{"@type":"EntryPoint","urlTemplate":"https:\/\/puls.nu\/en\/?s={search_term_string}"},"query-input":{"@type":"PropertyValueSpecification","valueRequired":true,"valueName":"search_term_string"}}],"inLanguage":"en-US"},{"@type":"Organization","@id":"https:\/\/puls.nu\/en\/#organization","name":"Puls","url":"https:\/\/puls.nu\/en\/","logo":{"@type":"ImageObject","inLanguage":"en-US","@id":"https:\/\/puls.nu\/en\/#\/schema\/logo\/image\/","url":"https:\/\/puls.nu\/wp-content\/uploads\/2023\/11\/B659DAAD-8C47-46FA-BF79-DA9886ADC35F-2.png","contentUrl":"https:\/\/puls.nu\/wp-content\/uploads\/2023\/11\/B659DAAD-8C47-46FA-BF79-DA9886ADC35F-2.png","width":500,"height":500,"caption":"Puls"},"image":{"@id":"https:\/\/puls.nu\/en\/#\/schema\/logo\/image\/"},"sameAs":["https:\/\/www.facebook.com\/puls.nu\/"]}]}},"_links":{"self":[{"href":"https:\/\/puls.nu\/en\/wp-json\/wp\/v2\/pages\/27410","targetHints":{"allow":["GET"]}}],"collection":[{"href":"https:\/\/puls.nu\/en\/wp-json\/wp\/v2\/pages"}],"about":[{"href":"https:\/\/puls.nu\/en\/wp-json\/wp\/v2\/types\/page"}],"author":[{"embeddable":true,"href":"https:\/\/puls.nu\/en\/wp-json\/wp\/v2\/users\/1"}],"replies":[{"embeddable":true,"href":"https:\/\/puls.nu\/en\/wp-json\/wp\/v2\/comments?post=27410"}],"version-history":[{"count":22,"href":"https:\/\/puls.nu\/en\/wp-json\/wp\/v2\/pages\/27410\/revisions"}],"predecessor-version":[{"id":30240,"href":"https:\/\/puls.nu\/en\/wp-json\/wp\/v2\/pages\/27410\/revisions\/30240"}],"wp:attachment":[{"href":"https:\/\/puls.nu\/en\/wp-json\/wp\/v2\/media?parent=27410"}],"curies":[{"name":"wp","href":"https:\/\/api.w.org\/{rel}","templated":true}]}}