{"id":27525,"date":"2023-02-15T12:11:53","date_gmt":"2023-02-15T11:11:53","guid":{"rendered":"https:\/\/puls.nu\/about-pulse\/"},"modified":"2025-09-04T10:55:08","modified_gmt":"2025-09-04T08:55:08","slug":"about-pulse","status":"publish","type":"page","link":"https:\/\/puls.nu\/en\/about-pulse\/","title":{"rendered":"About pulse"},"content":{"rendered":"<p>[et_pb_section fb_built=&#8221;1&#8243; admin_label=&#8221;Header&#8221; _builder_version=&#8221;4.16&#8243; background_image=&#8221;https:\/\/puls.nu\/wp-content\/uploads\/2022\/02\/hero_1.jpg&#8221; locked=&#8221;off&#8221; global_colors_info=&#8221;{}&#8221;][et_pb_row _builder_version=&#8221;4.16&#8243; max_width=&#8221;1420px&#8221; global_colors_info=&#8221;{}&#8221;][et_pb_column type=&#8221;4_4&#8243; _builder_version=&#8221;4.16&#8243; global_colors_info=&#8221;{}&#8221;][et_pb_text _builder_version=&#8221;4.18.0&#8243; text_text_color=&#8221;rgba(255,255,255,0.5)&#8221; text_font_size=&#8221;16px&#8221; text_line_height=&#8221;1.8em&#8221; header_font=&#8221;Montserrat|300||on|||||&#8221; header_font_size=&#8221;6vw&#8221; header_line_height=&#8221;1.2em&#8221; header_3_font=&#8221;Montserrat|700||on|||||&#8221; header_3_text_color=&#8221;#990c2d&#8221; header_3_font_size=&#8221;16px&#8221; header_3_letter_spacing=&#8221;2px&#8221; header_3_line_height=&#8221;1.4em&#8221; background_layout=&#8221;dark&#8221; header_3_font_size_tablet=&#8221;14px&#8221; header_3_font_size_phone=&#8221;&#8221; header_3_font_size_last_edited=&#8221;on|phone&#8221; header_text_shadow_style=&#8221;preset2&#8243; text_text_align=&#8221;left&#8221; locked=&#8221;off&#8221; global_colors_info=&#8221;{}&#8221;]<\/p>\n<h3>Who are we<\/h3>\n<h1><strong>About<\/strong> Puls<\/h1>\n<p>[\/et_pb_text][\/et_pb_column][\/et_pb_row][\/et_pb_section][et_pb_section fb_built=&#8221;1&#8243; admin_label=&#8221;CTA&#8221; _builder_version=&#8221;4.27.4&#8243; background_color=&#8221;#000000&#8243; background_image=&#8221;https:\/\/puls.nu\/wp-content\/uploads\/2025\/08\/puls-bgpattern.png&#8221; background_size=&#8221;initial&#8221; background_repeat=&#8221;repeat&#8221; locked=&#8221;off&#8221; global_colors_info=&#8221;{}&#8221;][et_pb_row _builder_version=&#8221;4.16&#8243; max_width=&#8221;1420px&#8221; global_colors_info=&#8221;{}&#8221;][et_pb_column type=&#8221;4_4&#8243; _builder_version=&#8221;4.16&#8243; global_colors_info=&#8221;{}&#8221;][et_pb_text _builder_version=&#8221;4.18.0&#8243; text_text_color=&#8221;#FFFFFF&#8221; text_font_size=&#8221;16px&#8221; text_line_height=&#8221;1.8em&#8221; header_3_font=&#8221;Montserrat|700||on|||||&#8221; header_3_text_color=&#8221;#990c2d&#8221; header_3_font_size=&#8221;16px&#8221; header_3_letter_spacing=&#8221;2px&#8221; header_3_line_height=&#8221;1.4em&#8221; background_layout=&#8221;dark&#8221; max_width=&#8221;1420%&#8221; module_alignment=&#8221;center&#8221; text_font_size_tablet=&#8221;15px&#8221; text_font_size_phone=&#8221;14px&#8221; text_font_size_last_edited=&#8221;on|phone&#8221; header_3_font_size_tablet=&#8221;14px&#8221; header_3_font_size_phone=&#8221;&#8221; header_3_font_size_last_edited=&#8221;on|phone&#8221; global_colors_info=&#8221;{}&#8221;]<\/p>\n<h3><span style=\"color: #ffffff;\">Our history<\/span><\/h3>\n<p>Puls was founded in 2001 with the business idea of offering adventures, experiences and activities.<\/p>\n<p>The target group is companies, conference centres, event companies, booking companies and private individuals.<\/p>\n<p>In total, Puls carries out about 2,000 events per year, passing about 100,000 participants. The emphasis is on adventure events and conference activities, but also events, kick-offs and conference packages of various kinds are on the menu.<\/p>\n<p>We are currently about 6 full-time guides who work all year round. In addition, we have about 40 other guides at Puls, working in different ways and with their own special skills.<\/p>\n<p>We run everything from fast-paced and fun adventure competitions to calm and group-strengthening events.<\/p>\n<p>The head office is located in B\u00e5lsta, north of Stockholm, where the warehouse and offices are located.<\/p>\n<p>In Fun\u00e4sfj\u00e4llen we run 2 snowmobile centers with shops in Bruksvallen and in T\u00e4nndalen\/Hamra where most of our business consists of snowmobile safaris and peak tours in winter.<\/p>\n<p>In the fall of 2017, we acquired Camp \u00c5re in \u00c5re, now Puls \u00c5re. The office is located on the shore of Lake \u00c5re, in the centre of \u00c5re. Activities run all year round with the famous Zipline park over the Susa stream as a &#8220;must&#8221; attraction. In winter we do Snowmobile Safaris; Zipline tours and summit tours mixed with team building activities. In summer, downhill skiing in \u00c5re Bike Park, hiking, canoeing and Zipline are the main attractions.<\/p>\n<p>In the fall of 2021, we also opened in Gothenburg where our offer is basically identical to what we do in Stockholm.<\/p>\n<p>We carry out our mobile arrangements all over Sweden but mainly at our destinations.<\/p>\n<p>[\/et_pb_text][\/et_pb_column][\/et_pb_row][\/et_pb_section]<\/p>\n","protected":false},"excerpt":{"rendered":"<p>Who are we About PulsOur history Puls was founded in 2001 with the business idea of offering adventures, experiences and activities. The target group is companies, conference centres, event companies, booking companies and private individuals. In total, Puls carries out about 2,000 events per year, passing about 100,000 participants. The emphasis is on adventure events [&hellip;]<\/p>\n","protected":false},"author":1,"featured_media":0,"parent":0,"menu_order":0,"comment_status":"closed","ping_status":"closed","template":"","meta":{"_acf_changed":false,"_et_pb_use_builder":"on","_et_pb_old_content":"","_et_gb_content_width":"","footnotes":""},"class_list":["post-27525","page","type-page","status-publish","hentry"],"acf":[],"yoast_head":"<!-- This site is optimized with the Yoast SEO plugin v27.5 - https:\/\/yoast.com\/product\/yoast-seo-wordpress\/ -->\n<title>About pulse - Puls<\/title>\n<meta name=\"robots\" content=\"index, follow, max-snippet:-1, max-image-preview:large, max-video-preview:-1\" \/>\n<link rel=\"canonical\" href=\"https:\/\/puls.nu\/en\/about-pulse\/\" \/>\n<meta property=\"og:locale\" content=\"en_US\" \/>\n<meta property=\"og:type\" content=\"article\" \/>\n<meta property=\"og:title\" content=\"About pulse - Puls\" \/>\n<meta property=\"og:description\" content=\"Who are we About PulsOur history Puls was founded in 2001 with the business idea of offering adventures, experiences and activities. The target group is companies, conference centres, event companies, booking companies and private individuals. In total, Puls carries out about 2,000 events per year, passing about 100,000 participants. The emphasis is on adventure events [&hellip;]\" \/>\n<meta property=\"og:url\" content=\"https:\/\/puls.nu\/en\/about-pulse\/\" \/>\n<meta property=\"og:site_name\" content=\"Puls\" \/>\n<meta property=\"article:publisher\" content=\"https:\/\/www.facebook.com\/puls.nu\/\" \/>\n<meta property=\"article:modified_time\" content=\"2025-09-04T08:55:08+00:00\" \/>\n<meta name=\"twitter:card\" content=\"summary_large_image\" \/>\n<meta name=\"twitter:label1\" content=\"Est. reading time\" \/>\n\t<meta name=\"twitter:data1\" content=\"2 minutes\" \/>\n<script type=\"application\/ld+json\" class=\"yoast-schema-graph\">{\"@context\":\"https:\\\/\\\/schema.org\",\"@graph\":[{\"@type\":\"WebPage\",\"@id\":\"https:\\\/\\\/puls.nu\\\/en\\\/about-pulse\\\/\",\"url\":\"https:\\\/\\\/puls.nu\\\/en\\\/about-pulse\\\/\",\"name\":\"About pulse - Puls\",\"isPartOf\":{\"@id\":\"https:\\\/\\\/puls.nu\\\/en\\\/#website\"},\"datePublished\":\"2023-02-15T11:11:53+00:00\",\"dateModified\":\"2025-09-04T08:55:08+00:00\",\"breadcrumb\":{\"@id\":\"https:\\\/\\\/puls.nu\\\/en\\\/about-pulse\\\/#breadcrumb\"},\"inLanguage\":\"en-US\",\"potentialAction\":[{\"@type\":\"ReadAction\",\"target\":[\"https:\\\/\\\/puls.nu\\\/en\\\/about-pulse\\\/\"]}]},{\"@type\":\"BreadcrumbList\",\"@id\":\"https:\\\/\\\/puls.nu\\\/en\\\/about-pulse\\\/#breadcrumb\",\"itemListElement\":[{\"@type\":\"ListItem\",\"position\":1,\"name\":\"Hem\",\"item\":\"https:\\\/\\\/puls.nu\\\/en\\\/hem\\\/\"},{\"@type\":\"ListItem\",\"position\":2,\"name\":\"About pulse\"}]},{\"@type\":\"WebSite\",\"@id\":\"https:\\\/\\\/puls.nu\\\/en\\\/#website\",\"url\":\"https:\\\/\\\/puls.nu\\\/en\\\/\",\"name\":\"Puls\",\"description\":\"Teambuilding och f\u00f6retagsevent med aktiviteter f\u00f6r f\u00f6retag\",\"publisher\":{\"@id\":\"https:\\\/\\\/puls.nu\\\/en\\\/#organization\"},\"potentialAction\":[{\"@type\":\"SearchAction\",\"target\":{\"@type\":\"EntryPoint\",\"urlTemplate\":\"https:\\\/\\\/puls.nu\\\/en\\\/?s={search_term_string}\"},\"query-input\":{\"@type\":\"PropertyValueSpecification\",\"valueRequired\":true,\"valueName\":\"search_term_string\"}}],\"inLanguage\":\"en-US\"},{\"@type\":\"Organization\",\"@id\":\"https:\\\/\\\/puls.nu\\\/en\\\/#organization\",\"name\":\"Puls\",\"url\":\"https:\\\/\\\/puls.nu\\\/en\\\/\",\"logo\":{\"@type\":\"ImageObject\",\"inLanguage\":\"en-US\",\"@id\":\"https:\\\/\\\/puls.nu\\\/en\\\/#\\\/schema\\\/logo\\\/image\\\/\",\"url\":\"https:\\\/\\\/puls.nu\\\/wp-content\\\/uploads\\\/2023\\\/11\\\/B659DAAD-8C47-46FA-BF79-DA9886ADC35F-2.png\",\"contentUrl\":\"https:\\\/\\\/puls.nu\\\/wp-content\\\/uploads\\\/2023\\\/11\\\/B659DAAD-8C47-46FA-BF79-DA9886ADC35F-2.png\",\"width\":500,\"height\":500,\"caption\":\"Puls\"},\"image\":{\"@id\":\"https:\\\/\\\/puls.nu\\\/en\\\/#\\\/schema\\\/logo\\\/image\\\/\"},\"sameAs\":[\"https:\\\/\\\/www.facebook.com\\\/puls.nu\\\/\"]}]}<\/script>\n<!-- \/ Yoast SEO plugin. -->","yoast_head_json":{"title":"About pulse - Puls","robots":{"index":"index","follow":"follow","max-snippet":"max-snippet:-1","max-image-preview":"max-image-preview:large","max-video-preview":"max-video-preview:-1"},"canonical":"https:\/\/puls.nu\/en\/about-pulse\/","og_locale":"en_US","og_type":"article","og_title":"About pulse - Puls","og_description":"Who are we About PulsOur history Puls was founded in 2001 with the business idea of offering adventures, experiences and activities. The target group is companies, conference centres, event companies, booking companies and private individuals. In total, Puls carries out about 2,000 events per year, passing about 100,000 participants. The emphasis is on adventure events [&hellip;]","og_url":"https:\/\/puls.nu\/en\/about-pulse\/","og_site_name":"Puls","article_publisher":"https:\/\/www.facebook.com\/puls.nu\/","article_modified_time":"2025-09-04T08:55:08+00:00","twitter_card":"summary_large_image","twitter_misc":{"Est. reading time":"2 minutes"},"schema":{"@context":"https:\/\/schema.org","@graph":[{"@type":"WebPage","@id":"https:\/\/puls.nu\/en\/about-pulse\/","url":"https:\/\/puls.nu\/en\/about-pulse\/","name":"About pulse - Puls","isPartOf":{"@id":"https:\/\/puls.nu\/en\/#website"},"datePublished":"2023-02-15T11:11:53+00:00","dateModified":"2025-09-04T08:55:08+00:00","breadcrumb":{"@id":"https:\/\/puls.nu\/en\/about-pulse\/#breadcrumb"},"inLanguage":"en-US","potentialAction":[{"@type":"ReadAction","target":["https:\/\/puls.nu\/en\/about-pulse\/"]}]},{"@type":"BreadcrumbList","@id":"https:\/\/puls.nu\/en\/about-pulse\/#breadcrumb","itemListElement":[{"@type":"ListItem","position":1,"name":"Hem","item":"https:\/\/puls.nu\/en\/hem\/"},{"@type":"ListItem","position":2,"name":"About pulse"}]},{"@type":"WebSite","@id":"https:\/\/puls.nu\/en\/#website","url":"https:\/\/puls.nu\/en\/","name":"Puls","description":"Teambuilding och f\u00f6retagsevent med aktiviteter f\u00f6r f\u00f6retag","publisher":{"@id":"https:\/\/puls.nu\/en\/#organization"},"potentialAction":[{"@type":"SearchAction","target":{"@type":"EntryPoint","urlTemplate":"https:\/\/puls.nu\/en\/?s={search_term_string}"},"query-input":{"@type":"PropertyValueSpecification","valueRequired":true,"valueName":"search_term_string"}}],"inLanguage":"en-US"},{"@type":"Organization","@id":"https:\/\/puls.nu\/en\/#organization","name":"Puls","url":"https:\/\/puls.nu\/en\/","logo":{"@type":"ImageObject","inLanguage":"en-US","@id":"https:\/\/puls.nu\/en\/#\/schema\/logo\/image\/","url":"https:\/\/puls.nu\/wp-content\/uploads\/2023\/11\/B659DAAD-8C47-46FA-BF79-DA9886ADC35F-2.png","contentUrl":"https:\/\/puls.nu\/wp-content\/uploads\/2023\/11\/B659DAAD-8C47-46FA-BF79-DA9886ADC35F-2.png","width":500,"height":500,"caption":"Puls"},"image":{"@id":"https:\/\/puls.nu\/en\/#\/schema\/logo\/image\/"},"sameAs":["https:\/\/www.facebook.com\/puls.nu\/"]}]}},"_links":{"self":[{"href":"https:\/\/puls.nu\/en\/wp-json\/wp\/v2\/pages\/27525","targetHints":{"allow":["GET"]}}],"collection":[{"href":"https:\/\/puls.nu\/en\/wp-json\/wp\/v2\/pages"}],"about":[{"href":"https:\/\/puls.nu\/en\/wp-json\/wp\/v2\/types\/page"}],"author":[{"embeddable":true,"href":"https:\/\/puls.nu\/en\/wp-json\/wp\/v2\/users\/1"}],"replies":[{"embeddable":true,"href":"https:\/\/puls.nu\/en\/wp-json\/wp\/v2\/comments?post=27525"}],"version-history":[{"count":12,"href":"https:\/\/puls.nu\/en\/wp-json\/wp\/v2\/pages\/27525\/revisions"}],"predecessor-version":[{"id":29549,"href":"https:\/\/puls.nu\/en\/wp-json\/wp\/v2\/pages\/27525\/revisions\/29549"}],"wp:attachment":[{"href":"https:\/\/puls.nu\/en\/wp-json\/wp\/v2\/media?parent=27525"}],"curies":[{"name":"wp","href":"https:\/\/api.w.org\/{rel}","templated":true}]}}