{"id":29000,"date":"2025-05-15T15:52:33","date_gmt":"2025-05-15T13:52:33","guid":{"rendered":"https:\/\/puls.nu\/?page_id=29000"},"modified":"2026-02-05T19:38:51","modified_gmt":"2026-02-05T18:38:51","slug":"adventure-center","status":"publish","type":"page","link":"https:\/\/puls.nu\/en\/adventure-center\/","title":{"rendered":"Pulse Adventure Center"},"content":{"rendered":"<p>[et_pb_section fb_built=&#8221;1&#8243; admin_label=&#8221;Header&#8221; _builder_version=&#8221;4.27.4&#8243; background_image=&#8221;https:\/\/puls.nu\/wp-content\/uploads\/2025\/05\/DSC02889-scaled-e1746707643236.jpg&#8221; locked=&#8221;off&#8221; global_colors_info=&#8221;{}&#8221;][et_pb_row _builder_version=&#8221;4.23.1&#8243; max_width=&#8221;1420px&#8221; custom_margin=&#8221;|auto|3px|auto||&#8221; custom_padding=&#8221;||28px|||&#8221; global_colors_info=&#8221;{}&#8221;][et_pb_column type=&#8221;4_4&#8243; _builder_version=&#8221;4.16&#8243; global_colors_info=&#8221;{}&#8221;][et_pb_text _builder_version=&#8221;4.27.4&#8243; _dynamic_attributes=&#8221;content&#8221; text_font=&#8221;Armata||||||||&#8221; text_text_color=&#8221;rgba(255,255,255,0.5)&#8221; text_font_size=&#8221;16px&#8221; text_line_height=&#8221;1.8em&#8221; header_font=&#8221;Montserrat|700||on|||||&#8221; header_text_align=&#8221;center&#8221; header_font_size=&#8221;6vw&#8221; header_line_height=&#8221;1.2em&#8221; header_3_font=&#8221;Montserrat|700||on|||||&#8221; header_3_text_color=&#8221;#990c2d&#8221; header_3_font_size=&#8221;16px&#8221; header_3_letter_spacing=&#8221;2px&#8221; header_3_line_height=&#8221;1.4em&#8221; background_layout=&#8221;dark&#8221; header_3_font_size_tablet=&#8221;14px&#8221; header_3_font_size_phone=&#8221;&#8221; header_3_font_size_last_edited=&#8221;on|phone&#8221; header_text_shadow_style=&#8221;preset2&#8243; text_text_align=&#8221;left&#8221; locked=&#8221;off&#8221; global_colors_info=&#8221;{}&#8221;]@ET-DC@eyJkeW5hbWljIjp0cnVlLCJjb250ZW50IjoicG9zdF90aXRsZSIsInNldHRpbmdzIjp7ImJlZm9yZSI6IjxoMT4iLCJhZnRlciI6IjwvaDE+In19@[\/et_pb_text][\/et_pb_column][\/et_pb_row][\/et_pb_section][et_pb_section fb_built=&#8221;1&#8243; admin_label=&#8221;CTA&#8221; _builder_version=&#8221;4.16&#8243; background_color=&#8221;#000000&#8243; background_image=&#8221;https:\/\/puls.nu\/wp-content\/uploads\/2025\/08\/puls-bgpattern.png&#8221; background_size=&#8221;initial&#8221; background_position=&#8221;top_center&#8221; background_repeat=&#8221;repeat&#8221; locked=&#8221;off&#8221; global_colors_info=&#8221;{}&#8221;][et_pb_row _builder_version=&#8221;4.27.4&#8243; max_width=&#8221;1420px&#8221; global_colors_info=&#8221;{}&#8221;][et_pb_column type=&#8221;4_4&#8243; _builder_version=&#8221;4.16&#8243; global_colors_info=&#8221;{}&#8221;][et_pb_text _builder_version=&#8221;4.27.4&#8243; text_font=&#8221;Armata||||||||&#8221; text_text_color=&#8221;#FFFFFF&#8221; text_font_size=&#8221;16px&#8221; text_line_height=&#8221;1.8em&#8221; link_font=&#8221;|600|||on||||&#8221; link_text_color=&#8221;#FFFFFF&#8221; header_font=&#8221;Armata||||||||&#8221; header_3_font=&#8221;Montserrat|700||on|||||&#8221; header_3_text_color=&#8221;#FFFFFF&#8221; header_3_font_size=&#8221;30px&#8221; header_3_letter_spacing=&#8221;2px&#8221; header_3_line_height=&#8221;1.4em&#8221; header_4_font=&#8221;Montserrat|800||on|on||||&#8221; text_orientation=&#8221;center&#8221; background_layout=&#8221;dark&#8221; max_width=&#8221;1420%&#8221; module_alignment=&#8221;center&#8221; text_font_size_tablet=&#8221;15px&#8221; text_font_size_phone=&#8221;14px&#8221; text_font_size_last_edited=&#8221;on|phone&#8221; header_3_font_size_tablet=&#8221;14px&#8221; header_3_font_size_phone=&#8221;&#8221; header_3_font_size_last_edited=&#8221;on|phone&#8221; global_colors_info=&#8221;{}&#8221;]<\/p>\n<h1><strong>Fly fishing weekend<\/strong><\/h1>\n<p><strong><\/strong><\/p>\n<p><strong><\/strong><strong style=\"font-size: 26px;\"><span style=\"font-size: large;\">July 11 &#8211; July 12<br \/><\/span><\/strong><strong><span style=\"font-size: large;\"><span style=\"text-decoration: underline;\">Time: 09:00 &#8211; 16:00<\/span> <\/span><\/strong> <\/p>\n<h2>Location: Puls \u00c4ventyrscenter Bruksvallarna <br \/><span style=\"font-size: large;\">Wallesv\u00e4gen 3, 846 97 Bruksvallarna <\/span> <\/h2>\n<p><strong><br \/><\/strong><span style=\"color: #757575;\">Snorkeling in Ljusnan<\/span><br \/><span style=\"color: #757575;\">Lunch &amp; Coffee in Puls tent hut<\/span><br \/><span style=\"color: #757575;\">Throwing courses with Daniel Bergman &amp; Caroline Nyiri<\/span><br \/><span style=\"color: #757575;\">Product demos: Vision Flyfishing<\/span><br \/><span style=\"color: #757575;\">Family Adventure with Prizes (Pulse APP competition for children and adults)<\/span><br \/><span style=\"color: #757575;\">Bicycle rental for children and adults<\/span><br \/><span style=\"color: #757575;\">Children&#8217;s activities in the tent hut: games and fishing pond<\/span><br \/><span style=\"color: #757575;\">Kayaking in Ljusnan (short distance)<\/span><br \/><span style=\"color: #757575;\">Free drinks from Latitude65<\/span><br \/><span style=\"color: #757575;\">Exhibitors: Kliff Eyewear and others.<\/span><br \/><span style=\"color: #757575;\">Sale of flies, Lemmelkok coffee etc.<br \/>Discounts up to 25%<\/span><\/p>\n<p>[\/et_pb_text][\/et_pb_column][\/et_pb_row][et_pb_row _builder_version=&#8221;4.27.4&#8243; _module_preset=&#8221;default&#8221; global_colors_info=&#8221;{}&#8221;][et_pb_column type=&#8221;4_4&#8243; _builder_version=&#8221;4.27.4&#8243; _module_preset=&#8221;default&#8221; global_colors_info=&#8221;{}&#8221;][et_pb_code _builder_version=&#8221;4.27.4&#8243; _module_preset=&#8221;default&#8221; background_image=&#8221;https:\/\/puls.nu\/wp-content\/uploads\/2025\/05\/DSC02889-scaled-e1746707643236.jpg&#8221; text_orientation=&#8221;center&#8221; custom_padding=&#8221;25vh|2vw|2vh|2vw|false|true&#8221; global_colors_info=&#8221;{}&#8221;]<script><!-- [et_pb_line_break_holder] -->  var APP_ID=\"8d56560ba10109dbd4ece138f70a9aee2b82812ecb565f26e1a27b4e4047df50\";<!-- [et_pb_line_break_holder] -->  var WIDGET_ID=\"VVQCoWpZZXXRYv6\";<!-- [et_pb_line_break_holder] -->  if (typeof window.outventuresSettings == \"undefined\") {window.outventuresSettings = [];}<!-- [et_pb_line_break_holder] -->  window.outventuresSettings.push({<!-- [et_pb_line_break_holder] -->    base_url: \"https:\/\/app.outventures.se\/widget\/\",<!-- [et_pb_line_break_holder] -->    app_id: APP_ID,<!-- [et_pb_line_break_holder] -->    widget_id: WIDGET_ID,<!-- [et_pb_line_break_holder] -->    floating: false,<!-- [et_pb_line_break_holder] -->    btn_text: {\"sv\":\"Boka Bruksvallarna\",\"en\":\"Book Bruksvallarna\"},<!-- [et_pb_line_break_holder] -->    btn_style: { \"size\": \"large\", \"bg\": \"#0B0911\", \"color\": \"#ffffff\"},<!-- [et_pb_line_break_holder] -->    list_view: \"products\",<!-- [et_pb_line_break_holder] -->    product_types: [\"products\",\"vouchers\"],<!-- [et_pb_line_break_holder] -->  });<!-- [et_pb_line_break_holder] --><\/script><!-- [et_pb_line_break_holder] --><script id=\"ovbs-scriptVVQCoWpZZXXRYv6\">var w=window;var d=document;var l=function(){var s=d.createElement(\"script\");s.type=\"text\/javascript\";s.async=true;s.src=\"https:\/\/app.outventures.se\/widget\/widget.js\";if(document.querySelectorAll('[src=\"' + s.src + '\"]').length == 0){var x=d.getElementsByTagName(\"script\")[0];x.parentNode.insertBefore(s, x);}};if(w.attachEvent){w.attachEvent(\"onload\",l);}else{w.addEventListener(\"load\",l,false);}<\/script>[\/et_pb_code][\/et_pb_column][\/et_pb_row][et_pb_row column_structure=&#8221;1_2,1_2&#8243; _builder_version=&#8221;4.27.4&#8243; max_width=&#8221;1420px&#8221; global_colors_info=&#8221;{}&#8221;][et_pb_column type=&#8221;1_2&#8243; _builder_version=&#8221;4.23&#8243; background_enable_image=&#8221;off&#8221; global_colors_info=&#8221;{}&#8221;][et_pb_contact_form use_spam_service=&#8221;on&#8221; recaptcha_list=&#8221;reCAPTCHA|reCAPTCHA-0&#8243; email=&#8221;christer@puls.nu&#8221; custom_message=&#8221;Location: %%Ort%%||et_pb_line_break_holder||Name: %%Name%%||et_pb_line_break_holder||E-mail: %%Email%%||et_pb_line_break_holder||Telephone: %%Phone%%||et_pb_line_break_holder||Type of group: %%Grupp%%||et_pb_line_break_holder||Number: %%Antal%%||et_pb_line_break_holder||Date: %%Datum%%||et_pb_line_break_holder||||et_pb_line_break_holder||Message:||et_pb_line_break_holder||%%Message%%&#8221; _builder_version=&#8221;4.27.4&#8243; _module_preset=&#8221;default&#8221; _unique_id=&#8221;7b1d2f86-44c7-485f-934a-7211dbc03a4b&#8221; form_field_background_color=&#8221;#FFFFFF&#8221; form_field_text_color=&#8221;#333333&#8243; form_field_focus_background_color=&#8221;rgba(255,255,255,0.8)&#8221; form_field_focus_text_color=&#8221;#000000&#8243; form_field_font=&#8221;Montserrat|500|||||||&#8221; custom_button=&#8221;on&#8221; button_text_size=&#8221;14px&#8221; button_text_color=&#8221;#ffffff&#8221; button_bg_color=&#8221;#990c2d&#8221; button_border_width=&#8221;0px&#8221; button_border_color=&#8221;#f9002b&#8221; button_letter_spacing=&#8221;2px&#8221; button_font=&#8221;Montserrat|600||on|||||&#8221; button_icon=&#8221;&#xe076;||divi||400&#8243; button_icon_placement=&#8221;left&#8221; button_on_hover=&#8221;off&#8221; button_custom_margin=&#8221;40px||||false|false&#8221; button_custom_padding=&#8221;16px|26px|16px|46px|true|false&#8221; global_colors_info=&#8221;{}&#8221; button_bg_color__hover=&#8221;RGBA(0,0,0,0)&#8221; button_bg_color__hover_enabled=&#8221;on|hover&#8221; button_border_width__hover=&#8221;2px&#8221; button_border_width__hover_enabled=&#8221;on|hover&#8221;][et_pb_contact_field field_id=&#8221;Ort&#8221; field_title=&#8221;Which town?&#8221; field_type=&#8221;select&#8221; select_options=&#8221;%91{%22value%22:%22Ramundberget%22,%22checked%22:0,%22dragID%22:0},{%22value%22:%22Fun\u00e4sdalen%22,%22checked%22:0,%22dragID%22:1},{%22value%22:%22T\u00e4nndalen%22,%22checked%22:0,%22dragID%22:2},{%22value%22:%22Bruksvallarna%22,%22checked%22:0,%22dragID%22:5}%93&#8243; _builder_version=&#8221;4.27.4&#8243; _module_preset=&#8221;default&#8221; global_colors_info=&#8221;{}&#8221;][\/et_pb_contact_field][et_pb_contact_field field_id=&#8221;Name&#8221; field_title=&#8221;Name&#8221; _builder_version=&#8221;4.25.2&#8243; global_colors_info=&#8221;{}&#8221; button_text_size__hover_enabled=&#8221;off&#8221; button_one_text_size__hover_enabled=&#8221;off&#8221; button_two_text_size__hover_enabled=&#8221;off&#8221; button_text_color__hover_enabled=&#8221;off&#8221; button_one_text_color__hover_enabled=&#8221;off&#8221; button_two_text_color__hover_enabled=&#8221;off&#8221; button_border_width__hover_enabled=&#8221;off&#8221; button_one_border_width__hover_enabled=&#8221;off&#8221; button_two_border_width__hover_enabled=&#8221;off&#8221; button_border_color__hover_enabled=&#8221;off&#8221; button_one_border_color__hover_enabled=&#8221;off&#8221; button_two_border_color__hover_enabled=&#8221;off&#8221; button_border_radius__hover_enabled=&#8221;off&#8221; button_one_border_radius__hover_enabled=&#8221;off&#8221; button_two_border_radius__hover_enabled=&#8221;off&#8221; button_letter_spacing__hover_enabled=&#8221;off&#8221; button_one_letter_spacing__hover_enabled=&#8221;off&#8221; button_two_letter_spacing__hover_enabled=&#8221;off&#8221; button_bg_color__hover_enabled=&#8221;off&#8221; button_one_bg_color__hover_enabled=&#8221;off&#8221; button_two_bg_color__hover_enabled=&#8221;off&#8221;][\/et_pb_contact_field][et_pb_contact_field field_id=&#8221;Email&#8221; field_title=&#8221;E-mail address&#8221; field_type=&#8221;email&#8221; _builder_version=&#8221;4.25.2&#8243; global_colors_info=&#8221;{}&#8221; button_text_size__hover_enabled=&#8221;off&#8221; button_one_text_size__hover_enabled=&#8221;off&#8221; button_two_text_size__hover_enabled=&#8221;off&#8221; button_text_color__hover_enabled=&#8221;off&#8221; button_one_text_color__hover_enabled=&#8221;off&#8221; button_two_text_color__hover_enabled=&#8221;off&#8221; button_border_width__hover_enabled=&#8221;off&#8221; button_one_border_width__hover_enabled=&#8221;off&#8221; button_two_border_width__hover_enabled=&#8221;off&#8221; button_border_color__hover_enabled=&#8221;off&#8221; button_one_border_color__hover_enabled=&#8221;off&#8221; button_two_border_color__hover_enabled=&#8221;off&#8221; button_border_radius__hover_enabled=&#8221;off&#8221; button_one_border_radius__hover_enabled=&#8221;off&#8221; button_two_border_radius__hover_enabled=&#8221;off&#8221; button_letter_spacing__hover_enabled=&#8221;off&#8221; button_one_letter_spacing__hover_enabled=&#8221;off&#8221; button_two_letter_spacing__hover_enabled=&#8221;off&#8221; button_bg_color__hover_enabled=&#8221;off&#8221; button_one_bg_color__hover_enabled=&#8221;off&#8221; button_two_bg_color__hover_enabled=&#8221;off&#8221;][\/et_pb_contact_field][et_pb_contact_field field_id=&#8221;Phone&#8221; field_title=&#8221;Mobile number&#8221; _builder_version=&#8221;4.25.2&#8243; _module_preset=&#8221;default&#8221; global_colors_info=&#8221;{}&#8221;][\/et_pb_contact_field][et_pb_contact_field field_id=&#8221;Grupp&#8221; field_title=&#8221;Type of group&#8221; field_type=&#8221;select&#8221; select_options=&#8221;%91{%22value%22:%22Companies  %22,%22checked%22:0,%22dragID%22:-1},{%22value%22:%22Private%22,%22checked%22:0,%22dragID%22:0}%93&#8243; _builder_version=&#8221;4.25.2&#8243; _module_preset=&#8221;default&#8221; global_colors_info=&#8221;{}&#8221;][\/et_pb_contact_field][et_pb_contact_field field_id=&#8221;Antal&#8221; field_title=&#8221;Number of participants&#8221; field_type=&#8221;select&#8221; select_options=&#8221;%91{%22value%22:%221-5%22,%22checked%22:0,%22dragID%22:-1},{%22value%22:%226-12%22,%22checked%22:0,%22dragID%22:0},{%22value%22:%2212+%22,%22checked%22:0,%22dragID%22:1}%93&#8243; _builder_version=&#8221;4.25.2&#8243; _module_preset=&#8221;default&#8221; global_colors_info=&#8221;{}&#8221;][\/et_pb_contact_field][et_pb_contact_field field_id=&#8221;Datum&#8221; field_title=&#8221;When should the tour be&#8221; fullwidth_field=&#8221;on&#8221; _builder_version=&#8221;4.25.2&#8243; _module_preset=&#8221;default&#8221; global_colors_info=&#8221;{}&#8221;][\/et_pb_contact_field][et_pb_contact_field field_id=&#8221;Message&#8221; field_title=&#8221;Message&#8221; field_type=&#8221;text&#8221; fullwidth_field=&#8221;on&#8221; _builder_version=&#8221;4.16&#8243; global_colors_info=&#8221;{}&#8221; button_text_size__hover_enabled=&#8221;off&#8221; button_one_text_size__hover_enabled=&#8221;off&#8221; button_two_text_size__hover_enabled=&#8221;off&#8221; button_text_color__hover_enabled=&#8221;off&#8221; button_one_text_color__hover_enabled=&#8221;off&#8221; button_two_text_color__hover_enabled=&#8221;off&#8221; button_border_width__hover_enabled=&#8221;off&#8221; button_one_border_width__hover_enabled=&#8221;off&#8221; button_two_border_width__hover_enabled=&#8221;off&#8221; button_border_color__hover_enabled=&#8221;off&#8221; button_one_border_color__hover_enabled=&#8221;off&#8221; button_two_border_color__hover_enabled=&#8221;off&#8221; button_border_radius__hover_enabled=&#8221;off&#8221; button_one_border_radius__hover_enabled=&#8221;off&#8221; button_two_border_radius__hover_enabled=&#8221;off&#8221; button_letter_spacing__hover_enabled=&#8221;off&#8221; button_one_letter_spacing__hover_enabled=&#8221;off&#8221; button_two_letter_spacing__hover_enabled=&#8221;off&#8221; button_bg_color__hover_enabled=&#8221;off&#8221; button_one_bg_color__hover_enabled=&#8221;off&#8221; button_two_bg_color__hover_enabled=&#8221;off&#8221;][\/et_pb_contact_field][\/et_pb_contact_form][\/et_pb_column][et_pb_column type=&#8221;1_2&#8243; _builder_version=&#8221;4.23&#8243; background_enable_image=&#8221;off&#8221; global_colors_info=&#8221;{}&#8221;][et_pb_map address=&#8221;Wallesv\u00e4gen 3, 846 97 Bruksvallarna, Sverige&#8221; zoom_level=&#8221;13&#8243; address_lat=&#8221;62.641543&#8243; address_lng=&#8221;12.4163603&#8243; _builder_version=&#8221;4.27.4&#8243; _module_preset=&#8221;default&#8221; height=&#8221;500px&#8221; global_colors_info=&#8221;{}&#8221;][et_pb_map_pin title=&#8221;Puls Adventure Center Bruksvallarna&#8221; pin_address=&#8221;Wallesv\u00e4gen 3, 846 97 Bruksvallarna, Sverige&#8221; pin_address_lat=&#8221;62.641543&#8243; pin_address_lng=&#8221;12.4163603&#8243; _builder_version=&#8221;4.27.4&#8243; _module_preset=&#8221;default&#8221; global_colors_info=&#8221;{}&#8221;]<\/p>\n<p>Wallesv\u00e4gen<br \/>84697 Bruksvallarna<\/p>\n<p>[\/et_pb_map_pin][\/et_pb_map][\/et_pb_column][\/et_pb_row][\/et_pb_section]<\/p>\n","protected":false},"excerpt":{"rendered":"<p>Fly fishing weekend July 11 &#8211; July 12Time: 09:00 &#8211; 16:00 Location: Puls \u00c4ventyrscenter Bruksvallarna Wallesv\u00e4gen 3, 846 97 Bruksvallarna Snorkeling in LjusnanLunch &amp; Coffee in Puls tent hutThrowing courses with Daniel Bergman &amp; Caroline NyiriProduct demos: Vision FlyfishingFamily Adventure with Prizes (Pulse APP competition for children and adults)Bicycle rental for children and adultsChildren&#8217;s activities [&hellip;]<\/p>\n","protected":false},"author":1,"featured_media":0,"parent":0,"menu_order":0,"comment_status":"closed","ping_status":"closed","template":"","meta":{"_acf_changed":false,"_et_pb_use_builder":"on","_et_pb_old_content":"","_et_gb_content_width":"","footnotes":""},"class_list":["post-29000","page","type-page","status-publish","hentry"],"acf":[],"yoast_head":"<!-- This site is optimized with the Yoast SEO plugin v27.5 - https:\/\/yoast.com\/product\/yoast-seo-wordpress\/ -->\n<title>Pulse Adventure Center - Puls<\/title>\n<meta name=\"robots\" content=\"index, follow, max-snippet:-1, max-image-preview:large, max-video-preview:-1\" \/>\n<link rel=\"canonical\" href=\"https:\/\/puls.nu\/en\/adventure-center\/\" \/>\n<meta property=\"og:locale\" content=\"en_US\" \/>\n<meta property=\"og:type\" content=\"article\" \/>\n<meta property=\"og:title\" content=\"Pulse Adventure Center - Puls\" \/>\n<meta property=\"og:description\" content=\"Fly fishing weekend July 11 - July 12Time: 09:00 - 16:00 Location: Puls \u00c4ventyrscenter Bruksvallarna Wallesv\u00e4gen 3, 846 97 Bruksvallarna Snorkeling in LjusnanLunch &amp; Coffee in Puls tent hutThrowing courses with Daniel Bergman &amp; Caroline NyiriProduct demos: Vision FlyfishingFamily Adventure with Prizes (Pulse APP competition for children and adults)Bicycle rental for children and adultsChildren&#039;s activities [&hellip;]\" \/>\n<meta property=\"og:url\" content=\"https:\/\/puls.nu\/en\/adventure-center\/\" \/>\n<meta property=\"og:site_name\" content=\"Puls\" \/>\n<meta property=\"article:publisher\" content=\"https:\/\/www.facebook.com\/puls.nu\/\" \/>\n<meta property=\"article:modified_time\" content=\"2026-02-05T18:38:51+00:00\" \/>\n<meta name=\"twitter:card\" content=\"summary_large_image\" \/>\n<meta name=\"twitter:label1\" content=\"Est. reading time\" \/>\n\t<meta name=\"twitter:data1\" content=\"1 minute\" \/>\n<script type=\"application\/ld+json\" class=\"yoast-schema-graph\">{\"@context\":\"https:\\\/\\\/schema.org\",\"@graph\":[{\"@type\":\"WebPage\",\"@id\":\"https:\\\/\\\/puls.nu\\\/en\\\/adventure-center\\\/\",\"url\":\"https:\\\/\\\/puls.nu\\\/en\\\/adventure-center\\\/\",\"name\":\"Pulse Adventure Center - Puls\",\"isPartOf\":{\"@id\":\"https:\\\/\\\/puls.nu\\\/en\\\/#website\"},\"datePublished\":\"2025-05-15T13:52:33+00:00\",\"dateModified\":\"2026-02-05T18:38:51+00:00\",\"breadcrumb\":{\"@id\":\"https:\\\/\\\/puls.nu\\\/en\\\/adventure-center\\\/#breadcrumb\"},\"inLanguage\":\"en-US\",\"potentialAction\":[{\"@type\":\"ReadAction\",\"target\":[\"https:\\\/\\\/puls.nu\\\/en\\\/adventure-center\\\/\"]}]},{\"@type\":\"BreadcrumbList\",\"@id\":\"https:\\\/\\\/puls.nu\\\/en\\\/adventure-center\\\/#breadcrumb\",\"itemListElement\":[{\"@type\":\"ListItem\",\"position\":1,\"name\":\"Hem\",\"item\":\"https:\\\/\\\/puls.nu\\\/en\\\/hem\\\/\"},{\"@type\":\"ListItem\",\"position\":2,\"name\":\"Pulse Adventure Center\"}]},{\"@type\":\"WebSite\",\"@id\":\"https:\\\/\\\/puls.nu\\\/en\\\/#website\",\"url\":\"https:\\\/\\\/puls.nu\\\/en\\\/\",\"name\":\"Puls\",\"description\":\"Teambuilding och f\u00f6retagsevent med aktiviteter f\u00f6r f\u00f6retag\",\"publisher\":{\"@id\":\"https:\\\/\\\/puls.nu\\\/en\\\/#organization\"},\"potentialAction\":[{\"@type\":\"SearchAction\",\"target\":{\"@type\":\"EntryPoint\",\"urlTemplate\":\"https:\\\/\\\/puls.nu\\\/en\\\/?s={search_term_string}\"},\"query-input\":{\"@type\":\"PropertyValueSpecification\",\"valueRequired\":true,\"valueName\":\"search_term_string\"}}],\"inLanguage\":\"en-US\"},{\"@type\":\"Organization\",\"@id\":\"https:\\\/\\\/puls.nu\\\/en\\\/#organization\",\"name\":\"Puls\",\"url\":\"https:\\\/\\\/puls.nu\\\/en\\\/\",\"logo\":{\"@type\":\"ImageObject\",\"inLanguage\":\"en-US\",\"@id\":\"https:\\\/\\\/puls.nu\\\/en\\\/#\\\/schema\\\/logo\\\/image\\\/\",\"url\":\"https:\\\/\\\/puls.nu\\\/wp-content\\\/uploads\\\/2023\\\/11\\\/B659DAAD-8C47-46FA-BF79-DA9886ADC35F-2.png\",\"contentUrl\":\"https:\\\/\\\/puls.nu\\\/wp-content\\\/uploads\\\/2023\\\/11\\\/B659DAAD-8C47-46FA-BF79-DA9886ADC35F-2.png\",\"width\":500,\"height\":500,\"caption\":\"Puls\"},\"image\":{\"@id\":\"https:\\\/\\\/puls.nu\\\/en\\\/#\\\/schema\\\/logo\\\/image\\\/\"},\"sameAs\":[\"https:\\\/\\\/www.facebook.com\\\/puls.nu\\\/\"]}]}<\/script>\n<!-- \/ Yoast SEO plugin. -->","yoast_head_json":{"title":"Pulse Adventure Center - Puls","robots":{"index":"index","follow":"follow","max-snippet":"max-snippet:-1","max-image-preview":"max-image-preview:large","max-video-preview":"max-video-preview:-1"},"canonical":"https:\/\/puls.nu\/en\/adventure-center\/","og_locale":"en_US","og_type":"article","og_title":"Pulse Adventure Center - Puls","og_description":"Fly fishing weekend July 11 - July 12Time: 09:00 - 16:00 Location: Puls \u00c4ventyrscenter Bruksvallarna Wallesv\u00e4gen 3, 846 97 Bruksvallarna Snorkeling in LjusnanLunch &amp; Coffee in Puls tent hutThrowing courses with Daniel Bergman &amp; Caroline NyiriProduct demos: Vision FlyfishingFamily Adventure with Prizes (Pulse APP competition for children and adults)Bicycle rental for children and adultsChildren's activities [&hellip;]","og_url":"https:\/\/puls.nu\/en\/adventure-center\/","og_site_name":"Puls","article_publisher":"https:\/\/www.facebook.com\/puls.nu\/","article_modified_time":"2026-02-05T18:38:51+00:00","twitter_card":"summary_large_image","twitter_misc":{"Est. reading time":"1 minute"},"schema":{"@context":"https:\/\/schema.org","@graph":[{"@type":"WebPage","@id":"https:\/\/puls.nu\/en\/adventure-center\/","url":"https:\/\/puls.nu\/en\/adventure-center\/","name":"Pulse Adventure Center - Puls","isPartOf":{"@id":"https:\/\/puls.nu\/en\/#website"},"datePublished":"2025-05-15T13:52:33+00:00","dateModified":"2026-02-05T18:38:51+00:00","breadcrumb":{"@id":"https:\/\/puls.nu\/en\/adventure-center\/#breadcrumb"},"inLanguage":"en-US","potentialAction":[{"@type":"ReadAction","target":["https:\/\/puls.nu\/en\/adventure-center\/"]}]},{"@type":"BreadcrumbList","@id":"https:\/\/puls.nu\/en\/adventure-center\/#breadcrumb","itemListElement":[{"@type":"ListItem","position":1,"name":"Hem","item":"https:\/\/puls.nu\/en\/hem\/"},{"@type":"ListItem","position":2,"name":"Pulse Adventure Center"}]},{"@type":"WebSite","@id":"https:\/\/puls.nu\/en\/#website","url":"https:\/\/puls.nu\/en\/","name":"Puls","description":"Teambuilding och f\u00f6retagsevent med aktiviteter f\u00f6r f\u00f6retag","publisher":{"@id":"https:\/\/puls.nu\/en\/#organization"},"potentialAction":[{"@type":"SearchAction","target":{"@type":"EntryPoint","urlTemplate":"https:\/\/puls.nu\/en\/?s={search_term_string}"},"query-input":{"@type":"PropertyValueSpecification","valueRequired":true,"valueName":"search_term_string"}}],"inLanguage":"en-US"},{"@type":"Organization","@id":"https:\/\/puls.nu\/en\/#organization","name":"Puls","url":"https:\/\/puls.nu\/en\/","logo":{"@type":"ImageObject","inLanguage":"en-US","@id":"https:\/\/puls.nu\/en\/#\/schema\/logo\/image\/","url":"https:\/\/puls.nu\/wp-content\/uploads\/2023\/11\/B659DAAD-8C47-46FA-BF79-DA9886ADC35F-2.png","contentUrl":"https:\/\/puls.nu\/wp-content\/uploads\/2023\/11\/B659DAAD-8C47-46FA-BF79-DA9886ADC35F-2.png","width":500,"height":500,"caption":"Puls"},"image":{"@id":"https:\/\/puls.nu\/en\/#\/schema\/logo\/image\/"},"sameAs":["https:\/\/www.facebook.com\/puls.nu\/"]}]}},"_links":{"self":[{"href":"https:\/\/puls.nu\/en\/wp-json\/wp\/v2\/pages\/29000","targetHints":{"allow":["GET"]}}],"collection":[{"href":"https:\/\/puls.nu\/en\/wp-json\/wp\/v2\/pages"}],"about":[{"href":"https:\/\/puls.nu\/en\/wp-json\/wp\/v2\/types\/page"}],"author":[{"embeddable":true,"href":"https:\/\/puls.nu\/en\/wp-json\/wp\/v2\/users\/1"}],"replies":[{"embeddable":true,"href":"https:\/\/puls.nu\/en\/wp-json\/wp\/v2\/comments?post=29000"}],"version-history":[{"count":16,"href":"https:\/\/puls.nu\/en\/wp-json\/wp\/v2\/pages\/29000\/revisions"}],"predecessor-version":[{"id":30315,"href":"https:\/\/puls.nu\/en\/wp-json\/wp\/v2\/pages\/29000\/revisions\/30315"}],"wp:attachment":[{"href":"https:\/\/puls.nu\/en\/wp-json\/wp\/v2\/media?parent=29000"}],"curies":[{"name":"wp","href":"https:\/\/api.w.org\/{rel}","templated":true}]}}