{"id":29114,"date":"2025-05-27T14:47:03","date_gmt":"2025-05-27T12:47:03","guid":{"rendered":"https:\/\/puls.nu\/fly-fishing\/"},"modified":"2025-11-08T15:59:52","modified_gmt":"2025-11-08T14:59:52","slug":"fly-fishing","status":"publish","type":"page","link":"https:\/\/puls.nu\/en\/fly-fishing\/","title":{"rendered":"Fly fishing"},"content":{"rendered":"<p>[et_pb_section fb_built=&#8221;1&#8243; theme_builder_area=&#8221;post_content&#8221; _builder_version=&#8221;4.27.4&#8243; _module_preset=&#8221;default&#8221;][\/et_pb_section]<\/p>\n","protected":false},"excerpt":{"rendered":"","protected":false},"author":1,"featured_media":28961,"parent":0,"menu_order":0,"comment_status":"closed","ping_status":"closed","template":"custom-templates\/flugfiske-aktiviteter.php","meta":{"_acf_changed":false,"_et_pb_use_builder":"on","_et_pb_old_content":"","_et_gb_content_width":"","footnotes":""},"class_list":["post-29114","page","type-page","status-publish","has-post-thumbnail","hentry"],"acf":[],"yoast_head":"<!-- This site is optimized with the Yoast SEO plugin v27.5 - https:\/\/yoast.com\/product\/yoast-seo-wordpress\/ -->\n<title>Fly fishing - Puls<\/title>\n<meta name=\"robots\" content=\"index, follow, max-snippet:-1, max-image-preview:large, max-video-preview:-1\" \/>\n<link rel=\"canonical\" href=\"https:\/\/puls.nu\/en\/fly-fishing\/\" \/>\n<meta property=\"og:locale\" content=\"en_US\" \/>\n<meta property=\"og:type\" content=\"article\" \/>\n<meta property=\"og:title\" content=\"Fly fishing - Puls\" \/>\n<meta property=\"og:url\" content=\"https:\/\/puls.nu\/en\/fly-fishing\/\" \/>\n<meta property=\"og:site_name\" content=\"Puls\" \/>\n<meta property=\"article:publisher\" content=\"https:\/\/www.facebook.com\/puls.nu\/\" \/>\n<meta property=\"article:modified_time\" content=\"2025-11-08T14:59:52+00:00\" \/>\n<meta property=\"og:image\" content=\"https:\/\/puls.nu\/wp-content\/uploads\/2025\/05\/DSC02889-scaled-e1746707643236.jpg\" \/>\n\t<meta property=\"og:image:width\" content=\"1707\" \/>\n\t<meta property=\"og:image:height\" content=\"2560\" \/>\n\t<meta property=\"og:image:type\" content=\"image\/jpeg\" \/>\n<meta name=\"twitter:card\" content=\"summary_large_image\" \/>\n<script type=\"application\/ld+json\" class=\"yoast-schema-graph\">{\"@context\":\"https:\\\/\\\/schema.org\",\"@graph\":[{\"@type\":\"WebPage\",\"@id\":\"https:\\\/\\\/puls.nu\\\/en\\\/fly-fishing\\\/\",\"url\":\"https:\\\/\\\/puls.nu\\\/en\\\/fly-fishing\\\/\",\"name\":\"Fly fishing - Puls\",\"isPartOf\":{\"@id\":\"https:\\\/\\\/puls.nu\\\/en\\\/#website\"},\"primaryImageOfPage\":{\"@id\":\"https:\\\/\\\/puls.nu\\\/en\\\/fly-fishing\\\/#primaryimage\"},\"image\":{\"@id\":\"https:\\\/\\\/puls.nu\\\/en\\\/fly-fishing\\\/#primaryimage\"},\"thumbnailUrl\":\"https:\\\/\\\/puls.nu\\\/wp-content\\\/uploads\\\/2025\\\/05\\\/DSC02889-scaled-e1777535068778.jpg\",\"datePublished\":\"2025-05-27T12:47:03+00:00\",\"dateModified\":\"2025-11-08T14:59:52+00:00\",\"breadcrumb\":{\"@id\":\"https:\\\/\\\/puls.nu\\\/en\\\/fly-fishing\\\/#breadcrumb\"},\"inLanguage\":\"en-US\",\"potentialAction\":[{\"@type\":\"ReadAction\",\"target\":[\"https:\\\/\\\/puls.nu\\\/en\\\/fly-fishing\\\/\"]}]},{\"@type\":\"ImageObject\",\"inLanguage\":\"en-US\",\"@id\":\"https:\\\/\\\/puls.nu\\\/en\\\/fly-fishing\\\/#primaryimage\",\"url\":\"https:\\\/\\\/puls.nu\\\/wp-content\\\/uploads\\\/2025\\\/05\\\/DSC02889-scaled-e1777535068778.jpg\",\"contentUrl\":\"https:\\\/\\\/puls.nu\\\/wp-content\\\/uploads\\\/2025\\\/05\\\/DSC02889-scaled-e1777535068778.jpg\",\"width\":1707,\"height\":2560},{\"@type\":\"BreadcrumbList\",\"@id\":\"https:\\\/\\\/puls.nu\\\/en\\\/fly-fishing\\\/#breadcrumb\",\"itemListElement\":[{\"@type\":\"ListItem\",\"position\":1,\"name\":\"Hem\",\"item\":\"https:\\\/\\\/puls.nu\\\/en\\\/hem\\\/\"},{\"@type\":\"ListItem\",\"position\":2,\"name\":\"Fly fishing\"}]},{\"@type\":\"WebSite\",\"@id\":\"https:\\\/\\\/puls.nu\\\/en\\\/#website\",\"url\":\"https:\\\/\\\/puls.nu\\\/en\\\/\",\"name\":\"Puls\",\"description\":\"Teambuilding och f\u00f6retagsevent med aktiviteter f\u00f6r f\u00f6retag\",\"publisher\":{\"@id\":\"https:\\\/\\\/puls.nu\\\/en\\\/#organization\"},\"potentialAction\":[{\"@type\":\"SearchAction\",\"target\":{\"@type\":\"EntryPoint\",\"urlTemplate\":\"https:\\\/\\\/puls.nu\\\/en\\\/?s={search_term_string}\"},\"query-input\":{\"@type\":\"PropertyValueSpecification\",\"valueRequired\":true,\"valueName\":\"search_term_string\"}}],\"inLanguage\":\"en-US\"},{\"@type\":\"Organization\",\"@id\":\"https:\\\/\\\/puls.nu\\\/en\\\/#organization\",\"name\":\"Puls\",\"url\":\"https:\\\/\\\/puls.nu\\\/en\\\/\",\"logo\":{\"@type\":\"ImageObject\",\"inLanguage\":\"en-US\",\"@id\":\"https:\\\/\\\/puls.nu\\\/en\\\/#\\\/schema\\\/logo\\\/image\\\/\",\"url\":\"https:\\\/\\\/puls.nu\\\/wp-content\\\/uploads\\\/2023\\\/11\\\/B659DAAD-8C47-46FA-BF79-DA9886ADC35F-2.png\",\"contentUrl\":\"https:\\\/\\\/puls.nu\\\/wp-content\\\/uploads\\\/2023\\\/11\\\/B659DAAD-8C47-46FA-BF79-DA9886ADC35F-2.png\",\"width\":500,\"height\":500,\"caption\":\"Puls\"},\"image\":{\"@id\":\"https:\\\/\\\/puls.nu\\\/en\\\/#\\\/schema\\\/logo\\\/image\\\/\"},\"sameAs\":[\"https:\\\/\\\/www.facebook.com\\\/puls.nu\\\/\"]}]}<\/script>\n<!-- \/ Yoast SEO plugin. -->","yoast_head_json":{"title":"Fly fishing - Puls","robots":{"index":"index","follow":"follow","max-snippet":"max-snippet:-1","max-image-preview":"max-image-preview:large","max-video-preview":"max-video-preview:-1"},"canonical":"https:\/\/puls.nu\/en\/fly-fishing\/","og_locale":"en_US","og_type":"article","og_title":"Fly fishing - Puls","og_url":"https:\/\/puls.nu\/en\/fly-fishing\/","og_site_name":"Puls","article_publisher":"https:\/\/www.facebook.com\/puls.nu\/","article_modified_time":"2025-11-08T14:59:52+00:00","og_image":[{"width":1707,"height":2560,"url":"https:\/\/puls.nu\/wp-content\/uploads\/2025\/05\/DSC02889-scaled-e1746707643236.jpg","type":"image\/jpeg"}],"twitter_card":"summary_large_image","schema":{"@context":"https:\/\/schema.org","@graph":[{"@type":"WebPage","@id":"https:\/\/puls.nu\/en\/fly-fishing\/","url":"https:\/\/puls.nu\/en\/fly-fishing\/","name":"Fly fishing - Puls","isPartOf":{"@id":"https:\/\/puls.nu\/en\/#website"},"primaryImageOfPage":{"@id":"https:\/\/puls.nu\/en\/fly-fishing\/#primaryimage"},"image":{"@id":"https:\/\/puls.nu\/en\/fly-fishing\/#primaryimage"},"thumbnailUrl":"https:\/\/puls.nu\/wp-content\/uploads\/2025\/05\/DSC02889-scaled-e1777535068778.jpg","datePublished":"2025-05-27T12:47:03+00:00","dateModified":"2025-11-08T14:59:52+00:00","breadcrumb":{"@id":"https:\/\/puls.nu\/en\/fly-fishing\/#breadcrumb"},"inLanguage":"en-US","potentialAction":[{"@type":"ReadAction","target":["https:\/\/puls.nu\/en\/fly-fishing\/"]}]},{"@type":"ImageObject","inLanguage":"en-US","@id":"https:\/\/puls.nu\/en\/fly-fishing\/#primaryimage","url":"https:\/\/puls.nu\/wp-content\/uploads\/2025\/05\/DSC02889-scaled-e1777535068778.jpg","contentUrl":"https:\/\/puls.nu\/wp-content\/uploads\/2025\/05\/DSC02889-scaled-e1777535068778.jpg","width":1707,"height":2560},{"@type":"BreadcrumbList","@id":"https:\/\/puls.nu\/en\/fly-fishing\/#breadcrumb","itemListElement":[{"@type":"ListItem","position":1,"name":"Hem","item":"https:\/\/puls.nu\/en\/hem\/"},{"@type":"ListItem","position":2,"name":"Fly fishing"}]},{"@type":"WebSite","@id":"https:\/\/puls.nu\/en\/#website","url":"https:\/\/puls.nu\/en\/","name":"Puls","description":"Teambuilding och f\u00f6retagsevent med aktiviteter f\u00f6r f\u00f6retag","publisher":{"@id":"https:\/\/puls.nu\/en\/#organization"},"potentialAction":[{"@type":"SearchAction","target":{"@type":"EntryPoint","urlTemplate":"https:\/\/puls.nu\/en\/?s={search_term_string}"},"query-input":{"@type":"PropertyValueSpecification","valueRequired":true,"valueName":"search_term_string"}}],"inLanguage":"en-US"},{"@type":"Organization","@id":"https:\/\/puls.nu\/en\/#organization","name":"Puls","url":"https:\/\/puls.nu\/en\/","logo":{"@type":"ImageObject","inLanguage":"en-US","@id":"https:\/\/puls.nu\/en\/#\/schema\/logo\/image\/","url":"https:\/\/puls.nu\/wp-content\/uploads\/2023\/11\/B659DAAD-8C47-46FA-BF79-DA9886ADC35F-2.png","contentUrl":"https:\/\/puls.nu\/wp-content\/uploads\/2023\/11\/B659DAAD-8C47-46FA-BF79-DA9886ADC35F-2.png","width":500,"height":500,"caption":"Puls"},"image":{"@id":"https:\/\/puls.nu\/en\/#\/schema\/logo\/image\/"},"sameAs":["https:\/\/www.facebook.com\/puls.nu\/"]}]}},"_links":{"self":[{"href":"https:\/\/puls.nu\/en\/wp-json\/wp\/v2\/pages\/29114","targetHints":{"allow":["GET"]}}],"collection":[{"href":"https:\/\/puls.nu\/en\/wp-json\/wp\/v2\/pages"}],"about":[{"href":"https:\/\/puls.nu\/en\/wp-json\/wp\/v2\/types\/page"}],"author":[{"embeddable":true,"href":"https:\/\/puls.nu\/en\/wp-json\/wp\/v2\/users\/1"}],"replies":[{"embeddable":true,"href":"https:\/\/puls.nu\/en\/wp-json\/wp\/v2\/comments?post=29114"}],"version-history":[{"count":2,"href":"https:\/\/puls.nu\/en\/wp-json\/wp\/v2\/pages\/29114\/revisions"}],"predecessor-version":[{"id":29876,"href":"https:\/\/puls.nu\/en\/wp-json\/wp\/v2\/pages\/29114\/revisions\/29876"}],"wp:featuredmedia":[{"embeddable":true,"href":"https:\/\/puls.nu\/en\/wp-json\/wp\/v2\/media\/28961"}],"wp:attachment":[{"href":"https:\/\/puls.nu\/en\/wp-json\/wp\/v2\/media?parent=29114"}],"curies":[{"name":"wp","href":"https:\/\/api.w.org\/{rel}","templated":true}]}}